{"id":295,"date":"2020-11-10T04:25:42","date_gmt":"2020-11-09T21:25:42","guid":{"rendered":"http:\/\/localhost:8888\/phanvietphat\/?page_id=295"},"modified":"2025-10-29T09:34:28","modified_gmt":"2025-10-29T02:34:28","slug":"contact","status":"publish","type":"page","link":"https:\/\/feinicko.com\/vnd\/contact","title":{"rendered":"Contact"},"content":{"rendered":"\t<section class=\"section\" id=\"section_131678967\">\n\t\t<div class=\"bg section-bg fill bg-fill  bg-loaded\" >\n\n\t\t\t\n\t\t\t\n\t\t\t\n\n\t\t<\/div>\n\n\t\t<div class=\"section-content relative\">\n\t\t\t\n<div class=\"row align-middle align-center\"  id=\"row-1156760437\">\n\n\t<div id=\"col-594262791\" class=\"col medium-8 small-12 large-8\"  >\n\t\t\t\t<div class=\"col-inner\"  >\n\t\t\t\n\t\t\t\n\t<div id=\"text-1684716566\" class=\"text hidden\">\n\t\t\n<h3>Contact Us<\/h3>\n<p><i class=\"fas fa-map-marker-alt\"><\/i> Da Nang, Viet Nam<\/p>\n<p><i class=\"fas fa-phone\"><\/i> 0862.98.15.98<\/p>\n<p><i class=\"fas fa-envelope\"><\/i> info@kangar.com<\/p>\n<p><i class=\"fab fa-creative-commons-nd\"><\/i> 10am &#8211; 6pm<\/p>\n\t\t\n<style>\n#text-1684716566 {\n  font-size: 1.2rem;\n}\n@media (min-width:550px) {\n  #text-1684716566 {\n    font-size: 1.2rem;\n  }\n}\n<\/style>\n\t<\/div>\n\t\n\t<div id=\"text-3402382223\" class=\"text\">\n\t\t\n<h3>Contact<\/h3>\n<p><i class=\"fas fa-envelope\"><\/i> feinickodesign@gmail.com<\/p>\n\t\t\n<style>\n#text-3402382223 {\n  font-size: 1.2rem;\n}\n@media (min-width:550px) {\n  #text-3402382223 {\n    font-size: 1.2rem;\n  }\n}\n<\/style>\n\t<\/div>\n\t\n\n<div class=\"wpcf7 no-js\" id=\"wpcf7-f15-o1\" lang=\"en-US\" dir=\"ltr\" data-wpcf7-id=\"15\">\n<div class=\"screen-reader-response\"><p role=\"status\" aria-live=\"polite\" aria-atomic=\"true\"><\/p> <ul><\/ul><\/div>\n<form action=\"\/vnd\/wp-json\/wp\/v2\/pages\/295#wpcf7-f15-o1\" method=\"post\" class=\"wpcf7-form init\" aria-label=\"Contact form\" novalidate=\"novalidate\" data-status=\"init\">\n<fieldset class=\"hidden-fields-container\"><input type=\"hidden\" name=\"_wpcf7\" value=\"15\" \/><input type=\"hidden\" name=\"_wpcf7_version\" value=\"6.1.5\" \/><input type=\"hidden\" name=\"_wpcf7_locale\" value=\"en_US\" \/><input type=\"hidden\" name=\"_wpcf7_unit_tag\" value=\"wpcf7-f15-o1\" \/><input type=\"hidden\" name=\"_wpcf7_container_post\" value=\"0\" \/><input type=\"hidden\" name=\"_wpcf7_posted_data_hash\" value=\"\" \/>\n<\/fieldset>\n<p><label> Your name*<br \/>\n<span class=\"wpcf7-form-control-wrap\" data-name=\"your-name\"><input size=\"40\" maxlength=\"400\" class=\"wpcf7-form-control wpcf7-text wpcf7-validates-as-required\" aria-required=\"true\" aria-invalid=\"false\" placeholder=\"Name\" value=\"\" type=\"text\" name=\"your-name\" \/><\/span> <\/label><br \/>\n<label> Your email*<br \/>\n<span class=\"wpcf7-form-control-wrap\" data-name=\"email-861\"><input size=\"40\" maxlength=\"400\" class=\"wpcf7-form-control wpcf7-email wpcf7-validates-as-required wpcf7-text wpcf7-validates-as-email\" aria-required=\"true\" aria-invalid=\"false\" placeholder=\"Email\" value=\"\" type=\"email\" name=\"email-861\" \/><\/span><\/label><br \/>\n<label> Your phone number*<br \/>\n<span class=\"wpcf7-form-control-wrap\" data-name=\"tel-60\"><input size=\"40\" maxlength=\"400\" class=\"wpcf7-form-control wpcf7-tel wpcf7-validates-as-required wpcf7-text wpcf7-validates-as-tel\" aria-required=\"true\" aria-invalid=\"false\" placeholder=\"Phone number\" value=\"\" type=\"tel\" name=\"tel-60\" \/><\/span><\/label><br \/>\n<label> Service<br \/>\n<span class=\"wpcf7-form-control-wrap\" data-name=\"menu-209\"><select class=\"wpcf7-form-control wpcf7-select\" aria-invalid=\"false\" name=\"menu-209\"><option value=\"Service support\">Service support<\/option><option value=\"Order status\">Order status<\/option><option value=\"Return\/Exchange\">Return\/Exchange<\/option><option value=\"Other\">Other<\/option><\/select><\/span> <\/label><br \/>\n<label> Message<br \/>\n<span class=\"wpcf7-form-control-wrap\" data-name=\"textarea-942\"><textarea cols=\"40\" rows=\"10\" maxlength=\"2000\" class=\"wpcf7-form-control wpcf7-textarea\" aria-invalid=\"false\" placeholder=\"Content of your message\" name=\"textarea-942\"><\/textarea><\/span> <\/label><br \/>\n<input class=\"wpcf7-form-control wpcf7-submit has-spinner\" type=\"submit\" value=\"Send\" \/>\n<\/p><div class=\"wpcf7-response-output\" aria-hidden=\"true\"><\/div>\n<\/form>\n<\/div>\n\n\t\t<\/div>\n\t\t\t\t\t<\/div>\n\n\t\n<\/div>\n\t\t<\/div>\n\n\t\t\n<style>\n#section_131678967 {\n  padding-top: 30px;\n  padding-bottom: 30px;\n}\n<\/style>\n\t<\/section>\n\t\n","protected":false},"excerpt":{"rendered":"","protected":false},"author":3,"featured_media":2521,"parent":0,"menu_order":0,"comment_status":"closed","ping_status":"closed","template":"page-blank.php","meta":{"footnotes":""},"class_list":["post-295","page","type-page","status-publish","has-post-thumbnail","hentry"],"yoast_head":"<!-- This site is optimized with the Yoast SEO plugin v26.3 - https:\/\/yoast.com\/wordpress\/plugins\/seo\/ -->\n<title>Contat FEINICK\u00d6 - ASTR\u00d6FEIN - FW24<\/title>\n<meta name=\"description\" content=\"FEINICK\u00d6\u00ae is a cutting-edge design brand specializing in artificial intelligence. Officially managed by @lewzi_o, FEINICK\u00d6\u2122 offers innovative design solutions worldwide. For business inquiries, please contact feinickodesign@gmail.com. Elevate your projects with FEINICK\u00d6\u00ae&#039;s unique blend of creativity and technology. FEINICKO BRAND\" \/>\n<meta name=\"robots\" content=\"index, follow, max-snippet:-1, max-image-preview:large, max-video-preview:-1\" \/>\n<link rel=\"canonical\" href=\"https:\/\/feinicko.com\/vnd\/contact\" \/>\n<meta property=\"og:locale\" content=\"vi_VN\" \/>\n<meta property=\"og:type\" content=\"article\" \/>\n<meta property=\"og:title\" content=\"Contat FEINICK\u00d6 - ASTR\u00d6FEIN - FW24\" \/>\n<meta property=\"og:description\" content=\"FEINICK\u00d6\u00ae is a cutting-edge design brand specializing in artificial intelligence. Officially managed by @lewzi_o, FEINICK\u00d6\u2122 offers innovative design solutions worldwide. For business inquiries, please contact feinickodesign@gmail.com. Elevate your projects with FEINICK\u00d6\u00ae&#039;s unique blend of creativity and technology. FEINICKO BRAND\" \/>\n<meta property=\"og:url\" content=\"https:\/\/feinicko.com\/vnd\/contact\" \/>\n<meta property=\"og:site_name\" content=\"FEINICK\u00d6\" \/>\n<meta property=\"article:modified_time\" content=\"2025-10-29T02:34:28+00:00\" \/>\n<meta property=\"og:image\" content=\"https:\/\/feinicko.com\/vnd\/wp-content\/uploads\/2024\/07\/FRONTPURPLE.png\" \/>\n\t<meta property=\"og:image:width\" content=\"851\" \/>\n\t<meta property=\"og:image:height\" content=\"993\" \/>\n\t<meta property=\"og:image:type\" content=\"image\/png\" \/>\n<meta name=\"twitter:card\" content=\"summary_large_image\" \/>\n<meta name=\"twitter:label1\" content=\"\u01af\u1edbc t\u00ednh th\u1eddi gian \u0111\u1ecdc\" \/>\n\t<meta name=\"twitter:data1\" content=\"1 ph\u00fat\" \/>\n<script type=\"application\/ld+json\" class=\"yoast-schema-graph\">{\"@context\":\"https:\/\/schema.org\",\"@graph\":[{\"@type\":\"WebPage\",\"@id\":\"https:\/\/feinicko.com\/vnd\/contact\",\"url\":\"https:\/\/feinicko.com\/vnd\/contact\",\"name\":\"Contat FEINICK\u00d6 - ASTR\u00d6FEIN - FW24\",\"isPartOf\":{\"@id\":\"https:\/\/feinicko.com\/vnd\/#website\"},\"primaryImageOfPage\":{\"@id\":\"https:\/\/feinicko.com\/vnd\/contact#primaryimage\"},\"image\":{\"@id\":\"https:\/\/feinicko.com\/vnd\/contact#primaryimage\"},\"thumbnailUrl\":\"https:\/\/feinicko.com\/vnd\/wp-content\/uploads\/2024\/07\/FRONTPURPLE.png\",\"datePublished\":\"2020-11-09T21:25:42+00:00\",\"dateModified\":\"2025-10-29T02:34:28+00:00\",\"description\":\"FEINICK\u00d6\u00ae is a cutting-edge design brand specializing in artificial intelligence. Officially managed by @lewzi_o, FEINICK\u00d6\u2122 offers innovative design solutions worldwide. For business inquiries, please contact feinickodesign@gmail.com. Elevate your projects with FEINICK\u00d6\u00ae's unique blend of creativity and technology. FEINICKO BRAND\",\"breadcrumb\":{\"@id\":\"https:\/\/feinicko.com\/vnd\/contact#breadcrumb\"},\"inLanguage\":\"vi\",\"potentialAction\":[{\"@type\":\"ReadAction\",\"target\":[\"https:\/\/feinicko.com\/vnd\/contact\"]}]},{\"@type\":\"ImageObject\",\"inLanguage\":\"vi\",\"@id\":\"https:\/\/feinicko.com\/vnd\/contact#primaryimage\",\"url\":\"https:\/\/feinicko.com\/vnd\/wp-content\/uploads\/2024\/07\/FRONTPURPLE.png\",\"contentUrl\":\"https:\/\/feinicko.com\/vnd\/wp-content\/uploads\/2024\/07\/FRONTPURPLE.png\",\"width\":851,\"height\":993},{\"@type\":\"BreadcrumbList\",\"@id\":\"https:\/\/feinicko.com\/vnd\/contact#breadcrumb\",\"itemListElement\":[{\"@type\":\"ListItem\",\"position\":1,\"name\":\"Home\",\"item\":\"https:\/\/feinicko.com\/vnd\/\"},{\"@type\":\"ListItem\",\"position\":2,\"name\":\"Contact\"}]},{\"@type\":\"WebSite\",\"@id\":\"https:\/\/feinicko.com\/vnd\/#website\",\"url\":\"https:\/\/feinicko.com\/vnd\/\",\"name\":\"FEINICK\u00d6\",\"description\":\"ASTR\u00d6FEIN - FW24\",\"potentialAction\":[{\"@type\":\"SearchAction\",\"target\":{\"@type\":\"EntryPoint\",\"urlTemplate\":\"https:\/\/feinicko.com\/vnd\/?s={search_term_string}\"},\"query-input\":{\"@type\":\"PropertyValueSpecification\",\"valueRequired\":true,\"valueName\":\"search_term_string\"}}],\"inLanguage\":\"vi\"}]}<\/script>\n<!-- \/ Yoast SEO plugin. -->","yoast_head_json":{"title":"Contat FEINICK\u00d6 - ASTR\u00d6FEIN - FW24","description":"FEINICK\u00d6\u00ae is a cutting-edge design brand specializing in artificial intelligence. Officially managed by @lewzi_o, FEINICK\u00d6\u2122 offers innovative design solutions worldwide. For business inquiries, please contact feinickodesign@gmail.com. Elevate your projects with FEINICK\u00d6\u00ae's unique blend of creativity and technology. FEINICKO BRAND","robots":{"index":"index","follow":"follow","max-snippet":"max-snippet:-1","max-image-preview":"max-image-preview:large","max-video-preview":"max-video-preview:-1"},"canonical":"https:\/\/feinicko.com\/vnd\/contact","og_locale":"vi_VN","og_type":"article","og_title":"Contat FEINICK\u00d6 - ASTR\u00d6FEIN - FW24","og_description":"FEINICK\u00d6\u00ae is a cutting-edge design brand specializing in artificial intelligence. Officially managed by @lewzi_o, FEINICK\u00d6\u2122 offers innovative design solutions worldwide. For business inquiries, please contact feinickodesign@gmail.com. Elevate your projects with FEINICK\u00d6\u00ae's unique blend of creativity and technology. FEINICKO BRAND","og_url":"https:\/\/feinicko.com\/vnd\/contact","og_site_name":"FEINICK\u00d6","article_modified_time":"2025-10-29T02:34:28+00:00","og_image":[{"width":851,"height":993,"url":"https:\/\/feinicko.com\/vnd\/wp-content\/uploads\/2024\/07\/FRONTPURPLE.png","type":"image\/png"}],"twitter_card":"summary_large_image","twitter_misc":{"\u01af\u1edbc t\u00ednh th\u1eddi gian \u0111\u1ecdc":"1 ph\u00fat"},"schema":{"@context":"https:\/\/schema.org","@graph":[{"@type":"WebPage","@id":"https:\/\/feinicko.com\/vnd\/contact","url":"https:\/\/feinicko.com\/vnd\/contact","name":"Contat FEINICK\u00d6 - ASTR\u00d6FEIN - FW24","isPartOf":{"@id":"https:\/\/feinicko.com\/vnd\/#website"},"primaryImageOfPage":{"@id":"https:\/\/feinicko.com\/vnd\/contact#primaryimage"},"image":{"@id":"https:\/\/feinicko.com\/vnd\/contact#primaryimage"},"thumbnailUrl":"https:\/\/feinicko.com\/vnd\/wp-content\/uploads\/2024\/07\/FRONTPURPLE.png","datePublished":"2020-11-09T21:25:42+00:00","dateModified":"2025-10-29T02:34:28+00:00","description":"FEINICK\u00d6\u00ae is a cutting-edge design brand specializing in artificial intelligence. Officially managed by @lewzi_o, FEINICK\u00d6\u2122 offers innovative design solutions worldwide. For business inquiries, please contact feinickodesign@gmail.com. Elevate your projects with FEINICK\u00d6\u00ae's unique blend of creativity and technology. FEINICKO BRAND","breadcrumb":{"@id":"https:\/\/feinicko.com\/vnd\/contact#breadcrumb"},"inLanguage":"vi","potentialAction":[{"@type":"ReadAction","target":["https:\/\/feinicko.com\/vnd\/contact"]}]},{"@type":"ImageObject","inLanguage":"vi","@id":"https:\/\/feinicko.com\/vnd\/contact#primaryimage","url":"https:\/\/feinicko.com\/vnd\/wp-content\/uploads\/2024\/07\/FRONTPURPLE.png","contentUrl":"https:\/\/feinicko.com\/vnd\/wp-content\/uploads\/2024\/07\/FRONTPURPLE.png","width":851,"height":993},{"@type":"BreadcrumbList","@id":"https:\/\/feinicko.com\/vnd\/contact#breadcrumb","itemListElement":[{"@type":"ListItem","position":1,"name":"Home","item":"https:\/\/feinicko.com\/vnd\/"},{"@type":"ListItem","position":2,"name":"Contact"}]},{"@type":"WebSite","@id":"https:\/\/feinicko.com\/vnd\/#website","url":"https:\/\/feinicko.com\/vnd\/","name":"FEINICK\u00d6","description":"ASTR\u00d6FEIN - FW24","potentialAction":[{"@type":"SearchAction","target":{"@type":"EntryPoint","urlTemplate":"https:\/\/feinicko.com\/vnd\/?s={search_term_string}"},"query-input":{"@type":"PropertyValueSpecification","valueRequired":true,"valueName":"search_term_string"}}],"inLanguage":"vi"}]}},"_links":{"self":[{"href":"https:\/\/feinicko.com\/vnd\/wp-json\/wp\/v2\/pages\/295","targetHints":{"allow":["GET"]}}],"collection":[{"href":"https:\/\/feinicko.com\/vnd\/wp-json\/wp\/v2\/pages"}],"about":[{"href":"https:\/\/feinicko.com\/vnd\/wp-json\/wp\/v2\/types\/page"}],"author":[{"embeddable":true,"href":"https:\/\/feinicko.com\/vnd\/wp-json\/wp\/v2\/users\/3"}],"replies":[{"embeddable":true,"href":"https:\/\/feinicko.com\/vnd\/wp-json\/wp\/v2\/comments?post=295"}],"version-history":[{"count":23,"href":"https:\/\/feinicko.com\/vnd\/wp-json\/wp\/v2\/pages\/295\/revisions"}],"predecessor-version":[{"id":3570,"href":"https:\/\/feinicko.com\/vnd\/wp-json\/wp\/v2\/pages\/295\/revisions\/3570"}],"wp:featuredmedia":[{"embeddable":true,"href":"https:\/\/feinicko.com\/vnd\/wp-json\/wp\/v2\/media\/2521"}],"wp:attachment":[{"href":"https:\/\/feinicko.com\/vnd\/wp-json\/wp\/v2\/media?parent=295"}],"curies":[{"name":"wp","href":"https:\/\/api.w.org\/{rel}","templated":true}]}}