{"id":297,"date":"2020-11-10T04:25:42","date_gmt":"2020-11-09T21:25:42","guid":{"rendered":"http:\/\/localhost:8888\/phanvietphat\/?page_id=297"},"modified":"2024-10-06T12:29:47","modified_gmt":"2024-10-06T05:29:47","slug":"about-us","status":"publish","type":"page","link":"https:\/\/feinicko.com\/vnd\/about-us","title":{"rendered":"About Us"},"content":{"rendered":"\t<section class=\"section\" id=\"section_1885328434\">\n\t\t<div class=\"bg section-bg fill bg-fill  bg-loaded\" >\n\n\t\t\t\n\t\t\t\n\t\t\t\n\n\t\t<\/div>\n\n\t\t<div class=\"section-content relative\">\n\t\t\t\n<div class=\"row align-middle align-center\"  id=\"row-987215781\">\n\n\t<div id=\"col-186176164\" class=\"col medium-6 small-12 large-6\"  >\n\t\t\t\t<div class=\"col-inner\"  >\n\t\t\t\n\t\t\t\n\t<div class=\"img has-hover x md-x lg-x y md-y lg-y\" id=\"image_947449455\">\n\t\t\t\t\t\t\t\t<div class=\"img-inner dark\" >\n\t\t\t<img decoding=\"async\" width=\"802\" height=\"893\" data-src=\"https:\/\/feinicko.com\/vnd\/wp-content\/uploads\/2024\/10\/Mascot-2.png\" class=\"attachment-original size-original lazyload\" alt=\"\" data-srcset=\"https:\/\/feinicko.com\/vnd\/wp-content\/uploads\/2024\/10\/Mascot-2.png 802w, https:\/\/feinicko.com\/vnd\/wp-content\/uploads\/2024\/10\/Mascot-2-300x334.png 300w, https:\/\/feinicko.com\/vnd\/wp-content\/uploads\/2024\/10\/Mascot-2-600x668.png 600w\" data-sizes=\"(max-width: 802px) 100vw, 802px\" src=\"data:image\/svg+xml;base64,PHN2ZyB3aWR0aD0iMSIgaGVpZ2h0PSIxIiB4bWxucz0iaHR0cDovL3d3dy53My5vcmcvMjAwMC9zdmciPjwvc3ZnPg==\" style=\"--smush-placeholder-width: 802px; --smush-placeholder-aspect-ratio: 802\/893;\" \/>\t\t\t\t\t\t\n\t\t\t\t\t<\/div>\n\t\t\t\t\t\t\t\t\n<style>\n#image_947449455 {\n  width: 20%;\n}\n<\/style>\n\t<\/div>\n\t\n\t<div id=\"text-3764467225\" class=\"text\">\n\t\t\n<h4>About Us<\/h4>\n\t\t\n<style>\n#text-3764467225 {\n  font-size: 1.5rem;\n}\n<\/style>\n\t<\/div>\n\t\n<div class=\"is-divider divider clearfix\" ><\/div>\n<p>Updating content &#8230;<\/p>\n\t\t<\/div>\n\t\t\t\t\t<\/div>\n\n\t\n\n\t<div id=\"col-1567973889\" class=\"col medium-6 small-12 large-6\"  >\n\t\t\t\t<div class=\"col-inner text-center\"  >\n\t\t\t\n\t\t\t\n\t<div class=\"img has-hover x md-x lg-x y md-y lg-y\" id=\"image_1217627101\">\n\t\t\t\t\t\t<div data-animate=\"bounceIn\">\t\t<div class=\"img-inner dark\" >\n\t\t\t<img decoding=\"async\" width=\"851\" height=\"993\" data-src=\"https:\/\/feinicko.com\/vnd\/wp-content\/uploads\/2024\/07\/FRONTPURPLE.png\" class=\"attachment-original size-original lazyload\" alt=\"\" data-srcset=\"https:\/\/feinicko.com\/vnd\/wp-content\/uploads\/2024\/07\/FRONTPURPLE.png 851w, https:\/\/feinicko.com\/vnd\/wp-content\/uploads\/2024\/07\/FRONTPURPLE-300x350.png 300w, https:\/\/feinicko.com\/vnd\/wp-content\/uploads\/2024\/07\/FRONTPURPLE-600x700.png 600w\" data-sizes=\"(max-width: 851px) 100vw, 851px\" src=\"data:image\/svg+xml;base64,PHN2ZyB3aWR0aD0iMSIgaGVpZ2h0PSIxIiB4bWxucz0iaHR0cDovL3d3dy53My5vcmcvMjAwMC9zdmciPjwvc3ZnPg==\" style=\"--smush-placeholder-width: 851px; --smush-placeholder-aspect-ratio: 851\/993;\" \/>\t\t\t\t\t\t\n\t\t\t\t\t<\/div>\n\t\t<\/div>\t\t\t\t\t\t\n<style>\n#image_1217627101 {\n  width: 80%;\n}\n<\/style>\n\t<\/div>\n\t\n\t\t<\/div>\n\t\t\t\t\t<\/div>\n\n\t\n<\/div>\n\t\t<\/div>\n\n\t\t\n<style>\n#section_1885328434 {\n  padding-top: 30px;\n  padding-bottom: 30px;\n}\n<\/style>\n\t<\/section>\n\t\n","protected":false},"excerpt":{"rendered":"","protected":false},"author":3,"featured_media":2521,"parent":0,"menu_order":0,"comment_status":"closed","ping_status":"closed","template":"page-blank.php","meta":{"footnotes":""},"class_list":["post-297","page","type-page","status-publish","has-post-thumbnail","hentry"],"yoast_head":"<!-- This site is optimized with the Yoast SEO plugin v26.3 - https:\/\/yoast.com\/wordpress\/plugins\/seo\/ -->\n<title>About FEINICK\u00d6 - ASTR\u00d6FEIN - FW24<\/title>\n<meta name=\"description\" content=\"FEINICK\u00d6\u00ae is a cutting-edge design brand specializing in artificial intelligence. Officially managed by @lewzi_o, FEINICK\u00d6\u2122 offers innovative design solutions worldwide. For business inquiries, please contact feinickodesign@gmail.com. Elevate your projects with FEINICK\u00d6\u00ae&#039;s unique blend of creativity and technology. FEINICKO BRAND\" \/>\n<meta name=\"robots\" content=\"index, follow, max-snippet:-1, max-image-preview:large, max-video-preview:-1\" \/>\n<link rel=\"canonical\" href=\"https:\/\/feinicko.com\/vnd\/about-us\" \/>\n<meta property=\"og:locale\" content=\"vi_VN\" \/>\n<meta property=\"og:type\" content=\"article\" \/>\n<meta property=\"og:title\" content=\"About FEINICK\u00d6 - ASTR\u00d6FEIN - FW24\" \/>\n<meta property=\"og:description\" content=\"FEINICK\u00d6\u00ae is a cutting-edge design brand specializing in artificial intelligence. Officially managed by @lewzi_o, FEINICK\u00d6\u2122 offers innovative design solutions worldwide. For business inquiries, please contact feinickodesign@gmail.com. Elevate your projects with FEINICK\u00d6\u00ae&#039;s unique blend of creativity and technology. FEINICKO BRAND\" \/>\n<meta property=\"og:url\" content=\"https:\/\/feinicko.com\/vnd\/about-us\" \/>\n<meta property=\"og:site_name\" content=\"FEINICK\u00d6\" \/>\n<meta property=\"article:modified_time\" content=\"2024-10-06T05:29:47+00:00\" \/>\n<meta property=\"og:image\" content=\"https:\/\/feinicko.com\/vnd\/wp-content\/uploads\/2024\/07\/FRONTPURPLE.png\" \/>\n\t<meta property=\"og:image:width\" content=\"851\" \/>\n\t<meta property=\"og:image:height\" content=\"993\" \/>\n\t<meta property=\"og:image:type\" content=\"image\/png\" \/>\n<meta name=\"twitter:card\" content=\"summary_large_image\" \/>\n<meta name=\"twitter:label1\" content=\"\u01af\u1edbc t\u00ednh th\u1eddi gian \u0111\u1ecdc\" \/>\n\t<meta name=\"twitter:data1\" content=\"1 ph\u00fat\" \/>\n<script type=\"application\/ld+json\" class=\"yoast-schema-graph\">{\"@context\":\"https:\/\/schema.org\",\"@graph\":[{\"@type\":\"WebPage\",\"@id\":\"https:\/\/feinicko.com\/vnd\/about-us\",\"url\":\"https:\/\/feinicko.com\/vnd\/about-us\",\"name\":\"About FEINICK\u00d6 - ASTR\u00d6FEIN - FW24\",\"isPartOf\":{\"@id\":\"https:\/\/feinicko.com\/vnd\/#website\"},\"primaryImageOfPage\":{\"@id\":\"https:\/\/feinicko.com\/vnd\/about-us#primaryimage\"},\"image\":{\"@id\":\"https:\/\/feinicko.com\/vnd\/about-us#primaryimage\"},\"thumbnailUrl\":\"https:\/\/feinicko.com\/vnd\/wp-content\/uploads\/2024\/07\/FRONTPURPLE.png\",\"datePublished\":\"2020-11-09T21:25:42+00:00\",\"dateModified\":\"2024-10-06T05:29:47+00:00\",\"description\":\"FEINICK\u00d6\u00ae is a cutting-edge design brand specializing in artificial intelligence. Officially managed by @lewzi_o, FEINICK\u00d6\u2122 offers innovative design solutions worldwide. For business inquiries, please contact feinickodesign@gmail.com. Elevate your projects with FEINICK\u00d6\u00ae's unique blend of creativity and technology. FEINICKO BRAND\",\"breadcrumb\":{\"@id\":\"https:\/\/feinicko.com\/vnd\/about-us#breadcrumb\"},\"inLanguage\":\"vi\",\"potentialAction\":[{\"@type\":\"ReadAction\",\"target\":[\"https:\/\/feinicko.com\/vnd\/about-us\"]}]},{\"@type\":\"ImageObject\",\"inLanguage\":\"vi\",\"@id\":\"https:\/\/feinicko.com\/vnd\/about-us#primaryimage\",\"url\":\"https:\/\/feinicko.com\/vnd\/wp-content\/uploads\/2024\/07\/FRONTPURPLE.png\",\"contentUrl\":\"https:\/\/feinicko.com\/vnd\/wp-content\/uploads\/2024\/07\/FRONTPURPLE.png\",\"width\":851,\"height\":993},{\"@type\":\"BreadcrumbList\",\"@id\":\"https:\/\/feinicko.com\/vnd\/about-us#breadcrumb\",\"itemListElement\":[{\"@type\":\"ListItem\",\"position\":1,\"name\":\"Home\",\"item\":\"https:\/\/feinicko.com\/vnd\/\"},{\"@type\":\"ListItem\",\"position\":2,\"name\":\"About Us\"}]},{\"@type\":\"WebSite\",\"@id\":\"https:\/\/feinicko.com\/vnd\/#website\",\"url\":\"https:\/\/feinicko.com\/vnd\/\",\"name\":\"FEINICK\u00d6\",\"description\":\"ASTR\u00d6FEIN - FW24\",\"potentialAction\":[{\"@type\":\"SearchAction\",\"target\":{\"@type\":\"EntryPoint\",\"urlTemplate\":\"https:\/\/feinicko.com\/vnd\/?s={search_term_string}\"},\"query-input\":{\"@type\":\"PropertyValueSpecification\",\"valueRequired\":true,\"valueName\":\"search_term_string\"}}],\"inLanguage\":\"vi\"}]}<\/script>\n<!-- \/ Yoast SEO plugin. -->","yoast_head_json":{"title":"About FEINICK\u00d6 - ASTR\u00d6FEIN - FW24","description":"FEINICK\u00d6\u00ae is a cutting-edge design brand specializing in artificial intelligence. Officially managed by @lewzi_o, FEINICK\u00d6\u2122 offers innovative design solutions worldwide. For business inquiries, please contact feinickodesign@gmail.com. Elevate your projects with FEINICK\u00d6\u00ae's unique blend of creativity and technology. FEINICKO BRAND","robots":{"index":"index","follow":"follow","max-snippet":"max-snippet:-1","max-image-preview":"max-image-preview:large","max-video-preview":"max-video-preview:-1"},"canonical":"https:\/\/feinicko.com\/vnd\/about-us","og_locale":"vi_VN","og_type":"article","og_title":"About FEINICK\u00d6 - ASTR\u00d6FEIN - FW24","og_description":"FEINICK\u00d6\u00ae is a cutting-edge design brand specializing in artificial intelligence. Officially managed by @lewzi_o, FEINICK\u00d6\u2122 offers innovative design solutions worldwide. For business inquiries, please contact feinickodesign@gmail.com. Elevate your projects with FEINICK\u00d6\u00ae's unique blend of creativity and technology. FEINICKO BRAND","og_url":"https:\/\/feinicko.com\/vnd\/about-us","og_site_name":"FEINICK\u00d6","article_modified_time":"2024-10-06T05:29:47+00:00","og_image":[{"width":851,"height":993,"url":"https:\/\/feinicko.com\/vnd\/wp-content\/uploads\/2024\/07\/FRONTPURPLE.png","type":"image\/png"}],"twitter_card":"summary_large_image","twitter_misc":{"\u01af\u1edbc t\u00ednh th\u1eddi gian \u0111\u1ecdc":"1 ph\u00fat"},"schema":{"@context":"https:\/\/schema.org","@graph":[{"@type":"WebPage","@id":"https:\/\/feinicko.com\/vnd\/about-us","url":"https:\/\/feinicko.com\/vnd\/about-us","name":"About FEINICK\u00d6 - ASTR\u00d6FEIN - FW24","isPartOf":{"@id":"https:\/\/feinicko.com\/vnd\/#website"},"primaryImageOfPage":{"@id":"https:\/\/feinicko.com\/vnd\/about-us#primaryimage"},"image":{"@id":"https:\/\/feinicko.com\/vnd\/about-us#primaryimage"},"thumbnailUrl":"https:\/\/feinicko.com\/vnd\/wp-content\/uploads\/2024\/07\/FRONTPURPLE.png","datePublished":"2020-11-09T21:25:42+00:00","dateModified":"2024-10-06T05:29:47+00:00","description":"FEINICK\u00d6\u00ae is a cutting-edge design brand specializing in artificial intelligence. Officially managed by @lewzi_o, FEINICK\u00d6\u2122 offers innovative design solutions worldwide. For business inquiries, please contact feinickodesign@gmail.com. Elevate your projects with FEINICK\u00d6\u00ae's unique blend of creativity and technology. FEINICKO BRAND","breadcrumb":{"@id":"https:\/\/feinicko.com\/vnd\/about-us#breadcrumb"},"inLanguage":"vi","potentialAction":[{"@type":"ReadAction","target":["https:\/\/feinicko.com\/vnd\/about-us"]}]},{"@type":"ImageObject","inLanguage":"vi","@id":"https:\/\/feinicko.com\/vnd\/about-us#primaryimage","url":"https:\/\/feinicko.com\/vnd\/wp-content\/uploads\/2024\/07\/FRONTPURPLE.png","contentUrl":"https:\/\/feinicko.com\/vnd\/wp-content\/uploads\/2024\/07\/FRONTPURPLE.png","width":851,"height":993},{"@type":"BreadcrumbList","@id":"https:\/\/feinicko.com\/vnd\/about-us#breadcrumb","itemListElement":[{"@type":"ListItem","position":1,"name":"Home","item":"https:\/\/feinicko.com\/vnd\/"},{"@type":"ListItem","position":2,"name":"About Us"}]},{"@type":"WebSite","@id":"https:\/\/feinicko.com\/vnd\/#website","url":"https:\/\/feinicko.com\/vnd\/","name":"FEINICK\u00d6","description":"ASTR\u00d6FEIN - FW24","potentialAction":[{"@type":"SearchAction","target":{"@type":"EntryPoint","urlTemplate":"https:\/\/feinicko.com\/vnd\/?s={search_term_string}"},"query-input":{"@type":"PropertyValueSpecification","valueRequired":true,"valueName":"search_term_string"}}],"inLanguage":"vi"}]}},"_links":{"self":[{"href":"https:\/\/feinicko.com\/vnd\/wp-json\/wp\/v2\/pages\/297","targetHints":{"allow":["GET"]}}],"collection":[{"href":"https:\/\/feinicko.com\/vnd\/wp-json\/wp\/v2\/pages"}],"about":[{"href":"https:\/\/feinicko.com\/vnd\/wp-json\/wp\/v2\/types\/page"}],"author":[{"embeddable":true,"href":"https:\/\/feinicko.com\/vnd\/wp-json\/wp\/v2\/users\/3"}],"replies":[{"embeddable":true,"href":"https:\/\/feinicko.com\/vnd\/wp-json\/wp\/v2\/comments?post=297"}],"version-history":[{"count":24,"href":"https:\/\/feinicko.com\/vnd\/wp-json\/wp\/v2\/pages\/297\/revisions"}],"predecessor-version":[{"id":2912,"href":"https:\/\/feinicko.com\/vnd\/wp-json\/wp\/v2\/pages\/297\/revisions\/2912"}],"wp:featuredmedia":[{"embeddable":true,"href":"https:\/\/feinicko.com\/vnd\/wp-json\/wp\/v2\/media\/2521"}],"wp:attachment":[{"href":"https:\/\/feinicko.com\/vnd\/wp-json\/wp\/v2\/media?parent=297"}],"curies":[{"name":"wp","href":"https:\/\/api.w.org\/{rel}","templated":true}]}}