{"id":3286,"date":"2025-08-11T19:51:24","date_gmt":"2025-08-11T12:51:24","guid":{"rendered":"https:\/\/feinicko.com\/vnd\/?post_type=product&#038;p=3286"},"modified":"2025-11-23T14:12:34","modified_gmt":"2025-11-23T07:12:34","slug":"glitch-pony-halfzip-sweater-red","status":"publish","type":"product","link":"https:\/\/feinicko.com\/vnd\/products\/glitch-pony-halfzip-sweater-red","title":{"rendered":"GLITCH PONY HALFZIP SWEATER \u201cRED\u201d"},"content":{"rendered":"<p><img decoding=\"async\" data-src=\"https:\/\/feinicko.com\/vnd\/wp-content\/uploads\/2025\/07\/Untitled-4.jpg\" alt=\"\" width=\"3000\" height=\"3000\" class=\"alignnone size-full wp-image-3297 lazyload\" data-srcset=\"https:\/\/feinicko.com\/vnd\/wp-content\/uploads\/2025\/07\/Untitled-4.jpg 3000w, https:\/\/feinicko.com\/vnd\/wp-content\/uploads\/2025\/07\/Untitled-4-300x300.jpg 300w, https:\/\/feinicko.com\/vnd\/wp-content\/uploads\/2025\/07\/Untitled-4-600x600.jpg 600w, https:\/\/feinicko.com\/vnd\/wp-content\/uploads\/2025\/07\/Untitled-4-100x100.jpg 100w\" data-sizes=\"(max-width: 3000px) 100vw, 3000px\" src=\"data:image\/svg+xml;base64,PHN2ZyB3aWR0aD0iMSIgaGVpZ2h0PSIxIiB4bWxucz0iaHR0cDovL3d3dy53My5vcmcvMjAwMC9zdmciPjwvc3ZnPg==\" style=\"--smush-placeholder-width: 3000px; --smush-placeholder-aspect-ratio: 3000\/3000;\" \/><\/p>\n","protected":false},"excerpt":{"rendered":"<p>\u00c1O KHO\u00c1C C\u1ed4 L\u1eecNG \u0110\u01af\u1ee2C C\u1eaeT MAY PHOM R\u1ed8NG THO\u1ea2I M\u00c1I V\u1edaI D\u00c1NG NG\u1eaeN, TAY D\u00c0I V\u00c0 KH\u00d3A ZIP 1\/2 PH\u00cdA TR\u01af\u1edaC. S\u1eec D\u1ee4NG CH\u1ea4T LI\u1ec6U COTTON 100% D\u1ec6T D\u00c0Y 440GSM V\u1edaI C\u1ea2M GI\u00c1C M\u1ec0M M\u1ea0I SAU KHI \u0110\u01af\u1ee2C WASH H\u00d3A CH\u1ea4T NH\u1eb8. TO\u00c0N B\u1ed8 H\u1eccA TI\u1ebeT NG\u1ef0A CH\u1ea0Y, SAO V\u00c0 LOGO \u0110\u1ec0U \u0110\u01af\u1ee2C TH\u00caU N\u1ed4I TINH X\u1ea2O, L\u1ea4Y C\u1ea2M H\u1ee8NG T\u1eea NH\u1eeeNG C\u00c2U CHUY\u1ec6N C\u1ed4 T\u00cdCH, T\u1ea0O \u0110I\u1ec2M NH\u1ea4N M\u1ea0NH M\u1ebc CHO PH\u1ea6N L\u01afNG V\u00c0 NG\u1ef0C TR\u01af\u1edaC C\u1ee6A S\u1ea2N PH\u1ea8M.<\/p>\n<p>TH\u00d4NG TIN S\u1ea2N PH\u1ea8M<br \/>\nV\u1ece: 100% COTTON<\/p>\n<p>CHI TI\u1ebeT S\u1ea2N PH\u1ea8M<br \/>\nPHOM R\u1ed8NG<br \/>\nC\u1ed4 L\u1eecNG ZIP<br \/>\nTAY D\u00c0I<br \/>\nD\u00c1NG NG\u1eaeN<br \/>\nTH\u00caU H\u1eccA TI\u1ebeT<br \/>\n2 M\u1eb6T IN\/TH\u00caU<br \/>\nKH\u00d3A ZIP YKK<br \/>\nCH\u1ea4T LI\u1ec6U COTTON 440GSM<br \/>\nWASH H\u00d3A CH\u1ea4T NH\u1eb8<br \/>\nNAM NG\u01af\u1edcI M\u1eaaU CAO 183CM \/ 6\u20191 M\u1eb6C SIZE L<br \/>\nN\u1eee NG\u01af\u1edcI M\u1eaaU CAO 171CM \/ 5\u20196 M\u1eb6C SIZE S<\/p>\n","protected":false},"featured_media":3276,"comment_status":"open","ping_status":"closed","template":"","meta":[],"product_brand":[],"product_cat":[140,119,127],"product_tag":[],"class_list":{"0":"post-3286","1":"product","2":"type-product","3":"status-publish","4":"has-post-thumbnail","6":"product_cat-25ss","7":"product_cat-all","8":"product_cat-collection","10":"first","11":"outofstock","12":"featured","13":"shipping-taxable","14":"purchasable","15":"product-type-variable"},"yoast_head":"<!-- This site is optimized with the Yoast SEO plugin v26.3 - https:\/\/yoast.com\/wordpress\/plugins\/seo\/ -->\n<title>GLITCH PONY HALFZIP SWEATER \u201cRED\u201d - FEINICK\u00d6<\/title>\n<meta name=\"robots\" content=\"index, follow, max-snippet:-1, max-image-preview:large, max-video-preview:-1\" \/>\n<link rel=\"canonical\" href=\"https:\/\/feinicko.com\/vnd\/products\/glitch-pony-halfzip-sweater-red\" \/>\n<meta property=\"og:locale\" content=\"vi_VN\" \/>\n<meta property=\"og:type\" content=\"article\" \/>\n<meta property=\"og:title\" content=\"GLITCH PONY HALFZIP SWEATER \u201cRED\u201d - FEINICK\u00d6\" \/>\n<meta property=\"og:description\" content=\"\u00c1O KHO\u00c1C C\u1ed4 L\u1eecNG \u0110\u01af\u1ee2C C\u1eaeT MAY PHOM R\u1ed8NG THO\u1ea2I M\u00c1I V\u1edaI D\u00c1NG NG\u1eaeN, TAY D\u00c0I V\u00c0 KH\u00d3A ZIP 1\/2 PH\u00cdA TR\u01af\u1edaC. S\u1eec D\u1ee4NG CH\u1ea4T LI\u1ec6U COTTON 100% D\u1ec6T D\u00c0Y 440GSM V\u1edaI C\u1ea2M GI\u00c1C M\u1ec0M M\u1ea0I SAU KHI \u0110\u01af\u1ee2C WASH H\u00d3A CH\u1ea4T NH\u1eb8. TO\u00c0N B\u1ed8 H\u1eccA TI\u1ebeT NG\u1ef0A CH\u1ea0Y, SAO V\u00c0 LOGO \u0110\u1ec0U \u0110\u01af\u1ee2C TH\u00caU N\u1ed4I TINH X\u1ea2O, L\u1ea4Y C\u1ea2M H\u1ee8NG T\u1eea NH\u1eeeNG C\u00c2U CHUY\u1ec6N C\u1ed4 T\u00cdCH, T\u1ea0O \u0110I\u1ec2M NH\u1ea4N M\u1ea0NH M\u1ebc CHO PH\u1ea6N L\u01afNG V\u00c0 NG\u1ef0C TR\u01af\u1edaC C\u1ee6A S\u1ea2N PH\u1ea8M.  TH\u00d4NG TIN S\u1ea2N PH\u1ea8M V\u1ece: 100% COTTON  CHI TI\u1ebeT S\u1ea2N PH\u1ea8M PHOM R\u1ed8NG C\u1ed4 L\u1eecNG ZIP TAY D\u00c0I D\u00c1NG NG\u1eaeN TH\u00caU H\u1eccA TI\u1ebeT 2 M\u1eb6T IN\/TH\u00caU KH\u00d3A ZIP YKK CH\u1ea4T LI\u1ec6U COTTON 440GSM WASH H\u00d3A CH\u1ea4T NH\u1eb8 NAM NG\u01af\u1edcI M\u1eaaU CAO 183CM \/ 6\u20191 M\u1eb6C SIZE L N\u1eee NG\u01af\u1edcI M\u1eaaU CAO 171CM \/ 5\u20196 M\u1eb6C SIZE S\" \/>\n<meta property=\"og:url\" content=\"https:\/\/feinicko.com\/vnd\/products\/glitch-pony-halfzip-sweater-red\" \/>\n<meta property=\"og:site_name\" content=\"FEINICK\u00d6\" \/>\n<meta property=\"article:modified_time\" content=\"2025-11-23T07:12:34+00:00\" \/>\n<meta property=\"og:image\" content=\"https:\/\/feinicko.com\/vnd\/wp-content\/uploads\/2025\/07\/HALFZIP-DO-1.jpg\" \/>\n\t<meta property=\"og:image:width\" content=\"1700\" \/>\n\t<meta property=\"og:image:height\" content=\"1700\" \/>\n\t<meta property=\"og:image:type\" content=\"image\/jpeg\" \/>\n<meta name=\"twitter:card\" content=\"summary_large_image\" \/>\n<meta name=\"twitter:label1\" content=\"\u01af\u1edbc t\u00ednh th\u1eddi gian \u0111\u1ecdc\" \/>\n\t<meta name=\"twitter:data1\" content=\"1 ph\u00fat\" \/>\n<script type=\"application\/ld+json\" class=\"yoast-schema-graph\">{\"@context\":\"https:\/\/schema.org\",\"@graph\":[{\"@type\":\"WebPage\",\"@id\":\"https:\/\/feinicko.com\/vnd\/products\/glitch-pony-halfzip-sweater-red\",\"url\":\"https:\/\/feinicko.com\/vnd\/products\/glitch-pony-halfzip-sweater-red\",\"name\":\"GLITCH PONY HALFZIP SWEATER \u201cRED\u201d - FEINICK\u00d6\",\"isPartOf\":{\"@id\":\"https:\/\/feinicko.com\/vnd\/#website\"},\"primaryImageOfPage\":{\"@id\":\"https:\/\/feinicko.com\/vnd\/products\/glitch-pony-halfzip-sweater-red#primaryimage\"},\"image\":{\"@id\":\"https:\/\/feinicko.com\/vnd\/products\/glitch-pony-halfzip-sweater-red#primaryimage\"},\"thumbnailUrl\":\"https:\/\/feinicko.com\/vnd\/wp-content\/uploads\/2025\/07\/HALFZIP-DO-1.jpg\",\"datePublished\":\"2025-08-11T12:51:24+00:00\",\"dateModified\":\"2025-11-23T07:12:34+00:00\",\"breadcrumb\":{\"@id\":\"https:\/\/feinicko.com\/vnd\/products\/glitch-pony-halfzip-sweater-red#breadcrumb\"},\"inLanguage\":\"vi\",\"potentialAction\":[{\"@type\":\"ReadAction\",\"target\":[\"https:\/\/feinicko.com\/vnd\/products\/glitch-pony-halfzip-sweater-red\"]}]},{\"@type\":\"ImageObject\",\"inLanguage\":\"vi\",\"@id\":\"https:\/\/feinicko.com\/vnd\/products\/glitch-pony-halfzip-sweater-red#primaryimage\",\"url\":\"https:\/\/feinicko.com\/vnd\/wp-content\/uploads\/2025\/07\/HALFZIP-DO-1.jpg\",\"contentUrl\":\"https:\/\/feinicko.com\/vnd\/wp-content\/uploads\/2025\/07\/HALFZIP-DO-1.jpg\",\"width\":1700,\"height\":1700},{\"@type\":\"BreadcrumbList\",\"@id\":\"https:\/\/feinicko.com\/vnd\/products\/glitch-pony-halfzip-sweater-red#breadcrumb\",\"itemListElement\":[{\"@type\":\"ListItem\",\"position\":1,\"name\":\"Home\",\"item\":\"https:\/\/feinicko.com\/vnd\/\"},{\"@type\":\"ListItem\",\"position\":2,\"name\":\"Shop\",\"item\":\"https:\/\/feinicko.com\/vnd\/shop\"},{\"@type\":\"ListItem\",\"position\":3,\"name\":\"GLITCH PONY HALFZIP SWEATER \u201cRED\u201d\"}]},{\"@type\":\"WebSite\",\"@id\":\"https:\/\/feinicko.com\/vnd\/#website\",\"url\":\"https:\/\/feinicko.com\/vnd\/\",\"name\":\"FEINICK\u00d6\",\"description\":\"ASTR\u00d6FEIN - FW24\",\"potentialAction\":[{\"@type\":\"SearchAction\",\"target\":{\"@type\":\"EntryPoint\",\"urlTemplate\":\"https:\/\/feinicko.com\/vnd\/?s={search_term_string}\"},\"query-input\":{\"@type\":\"PropertyValueSpecification\",\"valueRequired\":true,\"valueName\":\"search_term_string\"}}],\"inLanguage\":\"vi\"}]}<\/script>\n<!-- \/ Yoast SEO plugin. -->","yoast_head_json":{"title":"GLITCH PONY HALFZIP SWEATER \u201cRED\u201d - FEINICK\u00d6","robots":{"index":"index","follow":"follow","max-snippet":"max-snippet:-1","max-image-preview":"max-image-preview:large","max-video-preview":"max-video-preview:-1"},"canonical":"https:\/\/feinicko.com\/vnd\/products\/glitch-pony-halfzip-sweater-red","og_locale":"vi_VN","og_type":"article","og_title":"GLITCH PONY HALFZIP SWEATER \u201cRED\u201d - FEINICK\u00d6","og_description":"\u00c1O KHO\u00c1C C\u1ed4 L\u1eecNG \u0110\u01af\u1ee2C C\u1eaeT MAY PHOM R\u1ed8NG THO\u1ea2I M\u00c1I V\u1edaI D\u00c1NG NG\u1eaeN, TAY D\u00c0I V\u00c0 KH\u00d3A ZIP 1\/2 PH\u00cdA TR\u01af\u1edaC. S\u1eec D\u1ee4NG CH\u1ea4T LI\u1ec6U COTTON 100% D\u1ec6T D\u00c0Y 440GSM V\u1edaI C\u1ea2M GI\u00c1C M\u1ec0M M\u1ea0I SAU KHI \u0110\u01af\u1ee2C WASH H\u00d3A CH\u1ea4T NH\u1eb8. TO\u00c0N B\u1ed8 H\u1eccA TI\u1ebeT NG\u1ef0A CH\u1ea0Y, SAO V\u00c0 LOGO \u0110\u1ec0U \u0110\u01af\u1ee2C TH\u00caU N\u1ed4I TINH X\u1ea2O, L\u1ea4Y C\u1ea2M H\u1ee8NG T\u1eea NH\u1eeeNG C\u00c2U CHUY\u1ec6N C\u1ed4 T\u00cdCH, T\u1ea0O \u0110I\u1ec2M NH\u1ea4N M\u1ea0NH M\u1ebc CHO PH\u1ea6N L\u01afNG V\u00c0 NG\u1ef0C TR\u01af\u1edaC C\u1ee6A S\u1ea2N PH\u1ea8M.  TH\u00d4NG TIN S\u1ea2N PH\u1ea8M V\u1ece: 100% COTTON  CHI TI\u1ebeT S\u1ea2N PH\u1ea8M PHOM R\u1ed8NG C\u1ed4 L\u1eecNG ZIP TAY D\u00c0I D\u00c1NG NG\u1eaeN TH\u00caU H\u1eccA TI\u1ebeT 2 M\u1eb6T IN\/TH\u00caU KH\u00d3A ZIP YKK CH\u1ea4T LI\u1ec6U COTTON 440GSM WASH H\u00d3A CH\u1ea4T NH\u1eb8 NAM NG\u01af\u1edcI M\u1eaaU CAO 183CM \/ 6\u20191 M\u1eb6C SIZE L N\u1eee NG\u01af\u1edcI M\u1eaaU CAO 171CM \/ 5\u20196 M\u1eb6C SIZE S","og_url":"https:\/\/feinicko.com\/vnd\/products\/glitch-pony-halfzip-sweater-red","og_site_name":"FEINICK\u00d6","article_modified_time":"2025-11-23T07:12:34+00:00","og_image":[{"width":1700,"height":1700,"url":"https:\/\/feinicko.com\/vnd\/wp-content\/uploads\/2025\/07\/HALFZIP-DO-1.jpg","type":"image\/jpeg"}],"twitter_card":"summary_large_image","twitter_misc":{"\u01af\u1edbc t\u00ednh th\u1eddi gian \u0111\u1ecdc":"1 ph\u00fat"},"schema":{"@context":"https:\/\/schema.org","@graph":[{"@type":"WebPage","@id":"https:\/\/feinicko.com\/vnd\/products\/glitch-pony-halfzip-sweater-red","url":"https:\/\/feinicko.com\/vnd\/products\/glitch-pony-halfzip-sweater-red","name":"GLITCH PONY HALFZIP SWEATER \u201cRED\u201d - FEINICK\u00d6","isPartOf":{"@id":"https:\/\/feinicko.com\/vnd\/#website"},"primaryImageOfPage":{"@id":"https:\/\/feinicko.com\/vnd\/products\/glitch-pony-halfzip-sweater-red#primaryimage"},"image":{"@id":"https:\/\/feinicko.com\/vnd\/products\/glitch-pony-halfzip-sweater-red#primaryimage"},"thumbnailUrl":"https:\/\/feinicko.com\/vnd\/wp-content\/uploads\/2025\/07\/HALFZIP-DO-1.jpg","datePublished":"2025-08-11T12:51:24+00:00","dateModified":"2025-11-23T07:12:34+00:00","breadcrumb":{"@id":"https:\/\/feinicko.com\/vnd\/products\/glitch-pony-halfzip-sweater-red#breadcrumb"},"inLanguage":"vi","potentialAction":[{"@type":"ReadAction","target":["https:\/\/feinicko.com\/vnd\/products\/glitch-pony-halfzip-sweater-red"]}]},{"@type":"ImageObject","inLanguage":"vi","@id":"https:\/\/feinicko.com\/vnd\/products\/glitch-pony-halfzip-sweater-red#primaryimage","url":"https:\/\/feinicko.com\/vnd\/wp-content\/uploads\/2025\/07\/HALFZIP-DO-1.jpg","contentUrl":"https:\/\/feinicko.com\/vnd\/wp-content\/uploads\/2025\/07\/HALFZIP-DO-1.jpg","width":1700,"height":1700},{"@type":"BreadcrumbList","@id":"https:\/\/feinicko.com\/vnd\/products\/glitch-pony-halfzip-sweater-red#breadcrumb","itemListElement":[{"@type":"ListItem","position":1,"name":"Home","item":"https:\/\/feinicko.com\/vnd\/"},{"@type":"ListItem","position":2,"name":"Shop","item":"https:\/\/feinicko.com\/vnd\/shop"},{"@type":"ListItem","position":3,"name":"GLITCH PONY HALFZIP SWEATER \u201cRED\u201d"}]},{"@type":"WebSite","@id":"https:\/\/feinicko.com\/vnd\/#website","url":"https:\/\/feinicko.com\/vnd\/","name":"FEINICK\u00d6","description":"ASTR\u00d6FEIN - FW24","potentialAction":[{"@type":"SearchAction","target":{"@type":"EntryPoint","urlTemplate":"https:\/\/feinicko.com\/vnd\/?s={search_term_string}"},"query-input":{"@type":"PropertyValueSpecification","valueRequired":true,"valueName":"search_term_string"}}],"inLanguage":"vi"}]}},"_links":{"self":[{"href":"https:\/\/feinicko.com\/vnd\/wp-json\/wp\/v2\/product\/3286","targetHints":{"allow":["GET"]}}],"collection":[{"href":"https:\/\/feinicko.com\/vnd\/wp-json\/wp\/v2\/product"}],"about":[{"href":"https:\/\/feinicko.com\/vnd\/wp-json\/wp\/v2\/types\/product"}],"replies":[{"embeddable":true,"href":"https:\/\/feinicko.com\/vnd\/wp-json\/wp\/v2\/comments?post=3286"}],"wp:featuredmedia":[{"embeddable":true,"href":"https:\/\/feinicko.com\/vnd\/wp-json\/wp\/v2\/media\/3276"}],"wp:attachment":[{"href":"https:\/\/feinicko.com\/vnd\/wp-json\/wp\/v2\/media?parent=3286"}],"wp:term":[{"taxonomy":"product_brand","embeddable":true,"href":"https:\/\/feinicko.com\/vnd\/wp-json\/wp\/v2\/product_brand?post=3286"},{"taxonomy":"product_cat","embeddable":true,"href":"https:\/\/feinicko.com\/vnd\/wp-json\/wp\/v2\/product_cat?post=3286"},{"taxonomy":"product_tag","embeddable":true,"href":"https:\/\/feinicko.com\/vnd\/wp-json\/wp\/v2\/product_tag?post=3286"}],"curies":[{"name":"wp","href":"https:\/\/api.w.org\/{rel}","templated":true}]}}