{"id":3305,"date":"2025-08-12T00:00:55","date_gmt":"2025-08-11T17:00:55","guid":{"rendered":"https:\/\/feinicko.com\/vnd\/?post_type=product&#038;p=3305"},"modified":"2026-04-07T01:17:32","modified_gmt":"2026-04-06T18:17:32","slug":"polychrome-gummy-denim-pants","status":"publish","type":"product","link":"https:\/\/feinicko.com\/vnd\/products\/polychrome-gummy-denim-pants","title":{"rendered":"POLYCHROME GUMMY DENIM PANTS"},"content":{"rendered":"<p><img decoding=\"async\" class=\"alignnone size-full wp-image-3306 lazyload\" data-src=\"https:\/\/feinicko.com\/vnd\/wp-content\/uploads\/2025\/07\/Untitled-3.jpg\" alt=\"\" width=\"3000\" height=\"3000\" data-srcset=\"https:\/\/feinicko.com\/vnd\/wp-content\/uploads\/2025\/07\/Untitled-3.jpg 3000w, https:\/\/feinicko.com\/vnd\/wp-content\/uploads\/2025\/07\/Untitled-3-300x300.jpg 300w, https:\/\/feinicko.com\/vnd\/wp-content\/uploads\/2025\/07\/Untitled-3-600x600.jpg 600w, https:\/\/feinicko.com\/vnd\/wp-content\/uploads\/2025\/07\/Untitled-3-100x100.jpg 100w\" data-sizes=\"(max-width: 3000px) 100vw, 3000px\" src=\"data:image\/svg+xml;base64,PHN2ZyB3aWR0aD0iMSIgaGVpZ2h0PSIxIiB4bWxucz0iaHR0cDovL3d3dy53My5vcmcvMjAwMC9zdmciPjwvc3ZnPg==\" style=\"--smush-placeholder-width: 3000px; --smush-placeholder-aspect-ratio: 3000\/3000;\" \/><\/p>\n","protected":false},"excerpt":{"rendered":"<p>JEANS \u0110\u01af\u1ee2C THI\u1ebeT K\u1ebe PHOM R\u1ed8NG TH\u00d9NG TH\u00ccNH V\u1edaI C\u1ea0P V\u1eeaA, \u1ed0NG R\u1ed8NG V\u00c0 CHI\u1ec0U D\u00c0I V\u01af\u1ee2T M\u1eaeT C\u00c1. \u0110\u01af\u1ee2C MAY T\u1eea CH\u1ea4T LI\u1ec6U DENIM KH\u00d4NG CO GI\u00c3N V\u1edaI T\u00d4NG XANH TRUNG B\u00ccNH, QU\u1ea6N \u0110\u01af\u1ee2C TRANG TR\u00cd B\u1eb0NG H\u1eccA TI\u1ebeT K\u1eb8O D\u1ebaO V\u00c0 C\u00c1C Y\u1ebeU T\u1ed0 VUI NH\u1ed8N MANG \u0110\u1ebeN M\u1ed8T N\u00c9T CH\u1ea4M PH\u00c1 TR\u1eba TRUNG CHO PHOM D\u00c1NG C\u1ed4 \u0110I\u1ec2N.<\/p>\n<p>TH\u00d4NG TIN S\u1ea2N PH\u1ea8M<br \/>\nV\u1ece: 100% COTTON<\/p>\n<p>CHI TI\u1ebeT S\u1ea2N PH\u1ea8M<br \/>\nPHOM R\u1ed8NG TH\u00d9NG TH\u00ccNH<br \/>\nC\u1ea0P V\u1eeaA<br \/>\n\u1ed0NG R\u1ed8NG<br \/>\nD\u00c0I V\u01af\u1ee2T M\u1eaeT C\u00c1<br \/>\nH\u1eccA TI\u1ebeT IN TR\u00caN DENIM<br \/>\nC\u1ea4U TR\u00daC 4 T\u00daI<br \/>\nKH\u00d3A C\u00c0I N\u00daT<br \/>\nNG\u01af\u1edcI M\u1eaaU CAO 185 CM \/ 6\u20191 V\u00c0 M\u1eb6C SIZE L<br \/>\nKI\u1ec2U D\u00c1NG THEO SIZE NAM, V\u1edaI SIZE N\u1eee VUI L\u00d2NG THAM KH\u1ea2O B\u1ea2NG H\u01af\u1edaNG D\u1eaaN CH\u1eccN SIZE B\u00caN D\u01af\u1edaI<br \/>\nS\u1eec D\u1ee4NG COTTON H\u1eeeU C\u01a0.<\/p>\n","protected":false},"featured_media":3307,"comment_status":"open","ping_status":"closed","template":"","meta":[],"product_brand":[],"product_cat":[140,119,127],"product_tag":[],"class_list":{"0":"post-3305","1":"product","2":"type-product","3":"status-publish","4":"has-post-thumbnail","6":"product_cat-25ss","7":"product_cat-all","8":"product_cat-collection","10":"first","11":"instock","12":"featured","13":"shipping-taxable","14":"purchasable","15":"product-type-variable"},"yoast_head":"<!-- This site is optimized with the Yoast SEO plugin v26.3 - https:\/\/yoast.com\/wordpress\/plugins\/seo\/ -->\n<title>POLYCHROME GUMMY DENIM PANTS - FEINICK\u00d6<\/title>\n<meta name=\"robots\" content=\"index, follow, max-snippet:-1, max-image-preview:large, max-video-preview:-1\" \/>\n<link rel=\"canonical\" href=\"https:\/\/feinicko.com\/vnd\/products\/polychrome-gummy-denim-pants\" \/>\n<meta property=\"og:locale\" content=\"vi_VN\" \/>\n<meta property=\"og:type\" content=\"article\" \/>\n<meta property=\"og:title\" content=\"POLYCHROME GUMMY DENIM PANTS - FEINICK\u00d6\" \/>\n<meta property=\"og:description\" content=\"JEANS \u0110\u01af\u1ee2C THI\u1ebeT K\u1ebe PHOM R\u1ed8NG TH\u00d9NG TH\u00ccNH V\u1edaI C\u1ea0P V\u1eeaA, \u1ed0NG R\u1ed8NG V\u00c0 CHI\u1ec0U D\u00c0I V\u01af\u1ee2T M\u1eaeT C\u00c1. \u0110\u01af\u1ee2C MAY T\u1eea CH\u1ea4T LI\u1ec6U DENIM KH\u00d4NG CO GI\u00c3N V\u1edaI T\u00d4NG XANH TRUNG B\u00ccNH, QU\u1ea6N \u0110\u01af\u1ee2C TRANG TR\u00cd B\u1eb0NG H\u1eccA TI\u1ebeT K\u1eb8O D\u1ebaO V\u00c0 C\u00c1C Y\u1ebeU T\u1ed0 VUI NH\u1ed8N MANG \u0110\u1ebeN M\u1ed8T N\u00c9T CH\u1ea4M PH\u00c1 TR\u1eba TRUNG CHO PHOM D\u00c1NG C\u1ed4 \u0110I\u1ec2N.  TH\u00d4NG TIN S\u1ea2N PH\u1ea8M V\u1ece: 100% COTTON  CHI TI\u1ebeT S\u1ea2N PH\u1ea8M PHOM R\u1ed8NG TH\u00d9NG TH\u00ccNH C\u1ea0P V\u1eeaA \u1ed0NG R\u1ed8NG D\u00c0I V\u01af\u1ee2T M\u1eaeT C\u00c1 H\u1eccA TI\u1ebeT IN TR\u00caN DENIM C\u1ea4U TR\u00daC 4 T\u00daI KH\u00d3A C\u00c0I N\u00daT NG\u01af\u1edcI M\u1eaaU CAO 185 CM \/ 6\u20191 V\u00c0 M\u1eb6C SIZE L KI\u1ec2U D\u00c1NG THEO SIZE NAM, V\u1edaI SIZE N\u1eee VUI L\u00d2NG THAM KH\u1ea2O B\u1ea2NG H\u01af\u1edaNG D\u1eaaN CH\u1eccN SIZE B\u00caN D\u01af\u1edaI S\u1eec D\u1ee4NG COTTON H\u1eeeU C\u01a0.\" \/>\n<meta property=\"og:url\" content=\"https:\/\/feinicko.com\/vnd\/products\/polychrome-gummy-denim-pants\" \/>\n<meta property=\"og:site_name\" content=\"FEINICK\u00d6\" \/>\n<meta property=\"article:modified_time\" content=\"2026-04-06T18:17:32+00:00\" \/>\n<meta property=\"og:image\" content=\"https:\/\/feinicko.com\/vnd\/wp-content\/uploads\/2025\/07\/quanin1.jpg\" \/>\n\t<meta property=\"og:image:width\" content=\"1500\" \/>\n\t<meta property=\"og:image:height\" content=\"1500\" \/>\n\t<meta property=\"og:image:type\" content=\"image\/jpeg\" \/>\n<meta name=\"twitter:card\" content=\"summary_large_image\" \/>\n<meta name=\"twitter:label1\" content=\"\u01af\u1edbc t\u00ednh th\u1eddi gian \u0111\u1ecdc\" \/>\n\t<meta name=\"twitter:data1\" content=\"1 ph\u00fat\" \/>\n<script type=\"application\/ld+json\" class=\"yoast-schema-graph\">{\"@context\":\"https:\/\/schema.org\",\"@graph\":[{\"@type\":\"WebPage\",\"@id\":\"https:\/\/feinicko.com\/vnd\/products\/polychrome-gummy-denim-pants\",\"url\":\"https:\/\/feinicko.com\/vnd\/products\/polychrome-gummy-denim-pants\",\"name\":\"POLYCHROME GUMMY DENIM PANTS - FEINICK\u00d6\",\"isPartOf\":{\"@id\":\"https:\/\/feinicko.com\/vnd\/#website\"},\"primaryImageOfPage\":{\"@id\":\"https:\/\/feinicko.com\/vnd\/products\/polychrome-gummy-denim-pants#primaryimage\"},\"image\":{\"@id\":\"https:\/\/feinicko.com\/vnd\/products\/polychrome-gummy-denim-pants#primaryimage\"},\"thumbnailUrl\":\"https:\/\/feinicko.com\/vnd\/wp-content\/uploads\/2025\/07\/quanin1.jpg\",\"datePublished\":\"2025-08-11T17:00:55+00:00\",\"dateModified\":\"2026-04-06T18:17:32+00:00\",\"breadcrumb\":{\"@id\":\"https:\/\/feinicko.com\/vnd\/products\/polychrome-gummy-denim-pants#breadcrumb\"},\"inLanguage\":\"vi\",\"potentialAction\":[{\"@type\":\"ReadAction\",\"target\":[\"https:\/\/feinicko.com\/vnd\/products\/polychrome-gummy-denim-pants\"]}]},{\"@type\":\"ImageObject\",\"inLanguage\":\"vi\",\"@id\":\"https:\/\/feinicko.com\/vnd\/products\/polychrome-gummy-denim-pants#primaryimage\",\"url\":\"https:\/\/feinicko.com\/vnd\/wp-content\/uploads\/2025\/07\/quanin1.jpg\",\"contentUrl\":\"https:\/\/feinicko.com\/vnd\/wp-content\/uploads\/2025\/07\/quanin1.jpg\",\"width\":1500,\"height\":1500},{\"@type\":\"BreadcrumbList\",\"@id\":\"https:\/\/feinicko.com\/vnd\/products\/polychrome-gummy-denim-pants#breadcrumb\",\"itemListElement\":[{\"@type\":\"ListItem\",\"position\":1,\"name\":\"Home\",\"item\":\"https:\/\/feinicko.com\/vnd\/\"},{\"@type\":\"ListItem\",\"position\":2,\"name\":\"Shop\",\"item\":\"https:\/\/feinicko.com\/vnd\/shop\"},{\"@type\":\"ListItem\",\"position\":3,\"name\":\"POLYCHROME GUMMY DENIM PANTS\"}]},{\"@type\":\"WebSite\",\"@id\":\"https:\/\/feinicko.com\/vnd\/#website\",\"url\":\"https:\/\/feinicko.com\/vnd\/\",\"name\":\"FEINICK\u00d6\",\"description\":\"ASTR\u00d6FEIN - FW24\",\"potentialAction\":[{\"@type\":\"SearchAction\",\"target\":{\"@type\":\"EntryPoint\",\"urlTemplate\":\"https:\/\/feinicko.com\/vnd\/?s={search_term_string}\"},\"query-input\":{\"@type\":\"PropertyValueSpecification\",\"valueRequired\":true,\"valueName\":\"search_term_string\"}}],\"inLanguage\":\"vi\"}]}<\/script>\n<!-- \/ Yoast SEO plugin. -->","yoast_head_json":{"title":"POLYCHROME GUMMY DENIM PANTS - FEINICK\u00d6","robots":{"index":"index","follow":"follow","max-snippet":"max-snippet:-1","max-image-preview":"max-image-preview:large","max-video-preview":"max-video-preview:-1"},"canonical":"https:\/\/feinicko.com\/vnd\/products\/polychrome-gummy-denim-pants","og_locale":"vi_VN","og_type":"article","og_title":"POLYCHROME GUMMY DENIM PANTS - FEINICK\u00d6","og_description":"JEANS \u0110\u01af\u1ee2C THI\u1ebeT K\u1ebe PHOM R\u1ed8NG TH\u00d9NG TH\u00ccNH V\u1edaI C\u1ea0P V\u1eeaA, \u1ed0NG R\u1ed8NG V\u00c0 CHI\u1ec0U D\u00c0I V\u01af\u1ee2T M\u1eaeT C\u00c1. \u0110\u01af\u1ee2C MAY T\u1eea CH\u1ea4T LI\u1ec6U DENIM KH\u00d4NG CO GI\u00c3N V\u1edaI T\u00d4NG XANH TRUNG B\u00ccNH, QU\u1ea6N \u0110\u01af\u1ee2C TRANG TR\u00cd B\u1eb0NG H\u1eccA TI\u1ebeT K\u1eb8O D\u1ebaO V\u00c0 C\u00c1C Y\u1ebeU T\u1ed0 VUI NH\u1ed8N MANG \u0110\u1ebeN M\u1ed8T N\u00c9T CH\u1ea4M PH\u00c1 TR\u1eba TRUNG CHO PHOM D\u00c1NG C\u1ed4 \u0110I\u1ec2N.  TH\u00d4NG TIN S\u1ea2N PH\u1ea8M V\u1ece: 100% COTTON  CHI TI\u1ebeT S\u1ea2N PH\u1ea8M PHOM R\u1ed8NG TH\u00d9NG TH\u00ccNH C\u1ea0P V\u1eeaA \u1ed0NG R\u1ed8NG D\u00c0I V\u01af\u1ee2T M\u1eaeT C\u00c1 H\u1eccA TI\u1ebeT IN TR\u00caN DENIM C\u1ea4U TR\u00daC 4 T\u00daI KH\u00d3A C\u00c0I N\u00daT NG\u01af\u1edcI M\u1eaaU CAO 185 CM \/ 6\u20191 V\u00c0 M\u1eb6C SIZE L KI\u1ec2U D\u00c1NG THEO SIZE NAM, V\u1edaI SIZE N\u1eee VUI L\u00d2NG THAM KH\u1ea2O B\u1ea2NG H\u01af\u1edaNG D\u1eaaN CH\u1eccN SIZE B\u00caN D\u01af\u1edaI S\u1eec D\u1ee4NG COTTON H\u1eeeU C\u01a0.","og_url":"https:\/\/feinicko.com\/vnd\/products\/polychrome-gummy-denim-pants","og_site_name":"FEINICK\u00d6","article_modified_time":"2026-04-06T18:17:32+00:00","og_image":[{"width":1500,"height":1500,"url":"https:\/\/feinicko.com\/vnd\/wp-content\/uploads\/2025\/07\/quanin1.jpg","type":"image\/jpeg"}],"twitter_card":"summary_large_image","twitter_misc":{"\u01af\u1edbc t\u00ednh th\u1eddi gian \u0111\u1ecdc":"1 ph\u00fat"},"schema":{"@context":"https:\/\/schema.org","@graph":[{"@type":"WebPage","@id":"https:\/\/feinicko.com\/vnd\/products\/polychrome-gummy-denim-pants","url":"https:\/\/feinicko.com\/vnd\/products\/polychrome-gummy-denim-pants","name":"POLYCHROME GUMMY DENIM PANTS - FEINICK\u00d6","isPartOf":{"@id":"https:\/\/feinicko.com\/vnd\/#website"},"primaryImageOfPage":{"@id":"https:\/\/feinicko.com\/vnd\/products\/polychrome-gummy-denim-pants#primaryimage"},"image":{"@id":"https:\/\/feinicko.com\/vnd\/products\/polychrome-gummy-denim-pants#primaryimage"},"thumbnailUrl":"https:\/\/feinicko.com\/vnd\/wp-content\/uploads\/2025\/07\/quanin1.jpg","datePublished":"2025-08-11T17:00:55+00:00","dateModified":"2026-04-06T18:17:32+00:00","breadcrumb":{"@id":"https:\/\/feinicko.com\/vnd\/products\/polychrome-gummy-denim-pants#breadcrumb"},"inLanguage":"vi","potentialAction":[{"@type":"ReadAction","target":["https:\/\/feinicko.com\/vnd\/products\/polychrome-gummy-denim-pants"]}]},{"@type":"ImageObject","inLanguage":"vi","@id":"https:\/\/feinicko.com\/vnd\/products\/polychrome-gummy-denim-pants#primaryimage","url":"https:\/\/feinicko.com\/vnd\/wp-content\/uploads\/2025\/07\/quanin1.jpg","contentUrl":"https:\/\/feinicko.com\/vnd\/wp-content\/uploads\/2025\/07\/quanin1.jpg","width":1500,"height":1500},{"@type":"BreadcrumbList","@id":"https:\/\/feinicko.com\/vnd\/products\/polychrome-gummy-denim-pants#breadcrumb","itemListElement":[{"@type":"ListItem","position":1,"name":"Home","item":"https:\/\/feinicko.com\/vnd\/"},{"@type":"ListItem","position":2,"name":"Shop","item":"https:\/\/feinicko.com\/vnd\/shop"},{"@type":"ListItem","position":3,"name":"POLYCHROME GUMMY DENIM PANTS"}]},{"@type":"WebSite","@id":"https:\/\/feinicko.com\/vnd\/#website","url":"https:\/\/feinicko.com\/vnd\/","name":"FEINICK\u00d6","description":"ASTR\u00d6FEIN - FW24","potentialAction":[{"@type":"SearchAction","target":{"@type":"EntryPoint","urlTemplate":"https:\/\/feinicko.com\/vnd\/?s={search_term_string}"},"query-input":{"@type":"PropertyValueSpecification","valueRequired":true,"valueName":"search_term_string"}}],"inLanguage":"vi"}]}},"_links":{"self":[{"href":"https:\/\/feinicko.com\/vnd\/wp-json\/wp\/v2\/product\/3305","targetHints":{"allow":["GET"]}}],"collection":[{"href":"https:\/\/feinicko.com\/vnd\/wp-json\/wp\/v2\/product"}],"about":[{"href":"https:\/\/feinicko.com\/vnd\/wp-json\/wp\/v2\/types\/product"}],"replies":[{"embeddable":true,"href":"https:\/\/feinicko.com\/vnd\/wp-json\/wp\/v2\/comments?post=3305"}],"wp:featuredmedia":[{"embeddable":true,"href":"https:\/\/feinicko.com\/vnd\/wp-json\/wp\/v2\/media\/3307"}],"wp:attachment":[{"href":"https:\/\/feinicko.com\/vnd\/wp-json\/wp\/v2\/media?parent=3305"}],"wp:term":[{"taxonomy":"product_brand","embeddable":true,"href":"https:\/\/feinicko.com\/vnd\/wp-json\/wp\/v2\/product_brand?post=3305"},{"taxonomy":"product_cat","embeddable":true,"href":"https:\/\/feinicko.com\/vnd\/wp-json\/wp\/v2\/product_cat?post=3305"},{"taxonomy":"product_tag","embeddable":true,"href":"https:\/\/feinicko.com\/vnd\/wp-json\/wp\/v2\/product_tag?post=3305"}],"curies":[{"name":"wp","href":"https:\/\/api.w.org\/{rel}","templated":true}]}}