{"id":3736,"date":"2026-03-06T19:30:06","date_gmt":"2026-03-06T12:30:06","guid":{"rendered":"https:\/\/feinicko.com\/vnd\/?post_type=product&#038;p=3736"},"modified":"2026-03-06T19:04:04","modified_gmt":"2026-03-06T12:04:04","slug":"balline-raglan-thermal-washed-black","status":"publish","type":"product","link":"https:\/\/feinicko.com\/vnd\/products\/balline-raglan-thermal-washed-black","title":{"rendered":"BALLINE RAGLAN THERMAL \u201cWASHED BLACK&#8221;"},"content":{"rendered":"<p><img decoding=\"async\" class=\"alignnone size-full wp-image-3775 lazyload\" data-src=\"https:\/\/feinicko.com\/vnd\/wp-content\/uploads\/2026\/03\/LONGSLEEVE-SIZECHART.png\" alt=\"\" width=\"2000\" height=\"2000\" data-srcset=\"https:\/\/feinicko.com\/vnd\/wp-content\/uploads\/2026\/03\/LONGSLEEVE-SIZECHART.png 2000w, https:\/\/feinicko.com\/vnd\/wp-content\/uploads\/2026\/03\/LONGSLEEVE-SIZECHART-300x300.png 300w, https:\/\/feinicko.com\/vnd\/wp-content\/uploads\/2026\/03\/LONGSLEEVE-SIZECHART-600x600.png 600w, https:\/\/feinicko.com\/vnd\/wp-content\/uploads\/2026\/03\/LONGSLEEVE-SIZECHART-100x100.png 100w\" data-sizes=\"(max-width: 2000px) 100vw, 2000px\" src=\"data:image\/svg+xml;base64,PHN2ZyB3aWR0aD0iMSIgaGVpZ2h0PSIxIiB4bWxucz0iaHR0cDovL3d3dy53My5vcmcvMjAwMC9zdmciPjwvc3ZnPg==\" style=\"--smush-placeholder-width: 2000px; --smush-placeholder-aspect-ratio: 2000\/2000;\" \/><\/p>\n","protected":false},"excerpt":{"rendered":"<div class=\"flex flex-col text-sm pb-25\">\n<article class=\"text-token-text-primary w-full focus:outline-none [--shadow-height:45px] has-data-writing-block:pointer-events-none has-data-writing-block:-mt-(--shadow-height) has-data-writing-block:pt-(--shadow-height) [&amp;:has([data-writing-block])&gt;*]:pointer-events-auto scroll-mt-[calc(var(--header-height)+min(200px,max(70px,20svh)))]\" dir=\"auto\" tabindex=\"-1\" data-turn-id=\"request-WEB:a0aee4f0-7fd4-4323-aafc-fc88d16dcfbe-4\" data-testid=\"conversation-turn-10\" data-scroll-anchor=\"true\" data-turn=\"assistant\">\n<div class=\"text-base my-auto mx-auto pb-10 [--thread-content-margin:var(--thread-content-margin-xs,calc(var(--spacing)*4))] @w-sm\/main:[--thread-content-margin:var(--thread-content-margin-sm,calc(var(--spacing)*6))] @w-lg\/main:[--thread-content-margin:var(--thread-content-margin-lg,calc(var(--spacing)*16))] px-(--thread-content-margin)\">\n<div class=\"[--thread-content-max-width:40rem] @w-lg\/main:[--thread-content-max-width:48rem] mx-auto max-w-(--thread-content-max-width) flex-1 group\/turn-messages focus-visible:outline-hidden relative flex w-full min-w-0 flex-col agent-turn\" tabindex=\"-1\">\n<div class=\"flex max-w-full flex-col gap-4 grow\">\n<div class=\"min-h-8 text-message relative flex w-full flex-col items-end gap-2 text-start break-words whitespace-normal [.text-message+&amp;]:mt-1\" dir=\"auto\" data-message-author-role=\"assistant\" data-message-id=\"fe67ca1d-6d34-4c68-9311-7b08bc59f225\" data-message-model-slug=\"gpt-5-3-instant\">\n<div class=\"flex w-full flex-col gap-1 empty:hidden\">\n<div class=\"markdown prose dark:prose-invert w-full wrap-break-word dark markdown-new-styling\">\n<p data-start=\"0\" data-end=\"310\">\u00c1O TAY D\u00c0I RAGLAN FORM RELAXED \u0110\u01af\u1ee2C L\u00c0M T\u1eea CH\u1ea4T LI\u1ec6U COTTON WAFFLE-KNIT THO\u00c1NG KH\u00cd. HO\u00c0N THI\u1ec6N V\u1edaI K\u1ef8 THU\u1eacT NHU\u1ed8M PIGMENT STONEWASH T\u1ea0O HI\u1ec6U \u1ee8NG M\u00c0U S\u1eaeC T\u1ef0 NHI\u00caN NH\u01af \u0110\u00c3 QUA S\u1eec D\u1ee4NG. THI\u1ebeT K\u1ebe V\u1edaI LOGO FEINICK\u00d6 NH\u1ece \u1ede NG\u1ef0C V\u00c0 H\u00ccNH IN M\u1eb6T SAU L\u1ea4Y C\u1ea2M H\u1ee8NG T\u1eea NH\u1eeeNG QU\u1ea2 BI-A NHI\u1ec0U M\u00c0U S\u1eaeC X\u1ebeP TH\u00c0NH T\u00caN TH\u01af\u01a0NG HI\u1ec6U.<\/p>\n<p data-start=\"312\" data-end=\"464\">PRODUCT INFORMATION<br data-start=\"331\" data-end=\"334\" \/>FABRIC: COTTON WAFFLE-KNIT THERMAL 250GSM<br data-start=\"375\" data-end=\"378\" \/>WASH: NHU\u1ed8M PIGMENT STONEWASH<br data-start=\"407\" data-end=\"410\" \/>PRINT: IN L\u1ee4A (SILK SCREEN PRINT)<br data-start=\"443\" data-end=\"446\" data-is-only-node=\"\" \/>FIT: RELAXED FIT<\/p>\n<p data-start=\"466\" data-end=\"662\">PRODUCT DETAILS<br data-start=\"481\" data-end=\"484\" \/>RELAXED FIT<br data-start=\"495\" data-end=\"498\" \/>COTTON WAFFLE-KNIT THERMAL<br data-start=\"524\" data-end=\"527\" \/>C\u1ea4U TR\u00daC TAY RAGLAN<br data-start=\"546\" data-end=\"549\" data-is-only-node=\"\" \/>LOGO IN \u1ede NG\u1ef0C TR\u01af\u1edaC<br data-start=\"569\" data-end=\"572\" \/>H\u00ccNH IN GRAPHIC M\u1eb6T SAU<br data-start=\"595\" data-end=\"598\" \/>HO\u00c0N THI\u1ec6N V\u1edaI HI\u1ec6U \u1ee8NG NHU\u1ed8M PIGMENT STONEWASH<br data-start=\"645\" data-end=\"648\" \/>C\u1ed4 \u00c1O BO G\u00c2N<\/p>\n<p data-start=\"664\" data-end=\"722\">MODEL CAO 180 CM \/ 75 KG (5\u201911\u201d \/ 165 LBS) V\u00c0 M\u1eb6C SIZE L<\/p>\n<p data-start=\"724\" data-end=\"811\">THI\u1ebeT K\u1ebe N\u00c0Y S\u1eec D\u1ee4NG SIZE NAM, \u0110\u1ed0I V\u1edaI SIZE N\u1eee VUI L\u00d2NG THAM KH\u1ea2O<br data-start=\"789\" data-end=\"792\" \/>B\u1ea2NG SIZE B\u00caN D\u01af\u1edaI:<\/p>\n<p data-start=\"813\" data-end=\"853\" data-is-last-node=\"\" data-is-only-node=\"\">100% COTTON WAFFLE-KNIT THERMAL (250GSM)<\/p>\n<\/div>\n<\/div>\n<\/div>\n<\/div>\n<\/div>\n<\/div>\n<\/article>\n<\/div>\n","protected":false},"featured_media":3712,"comment_status":"closed","ping_status":"closed","template":"","meta":[],"product_brand":[],"product_cat":[153,119,127,151],"product_tag":[],"class_list":{"0":"post-3736","1":"product","2":"type-product","3":"status-publish","4":"has-post-thumbnail","6":"product_cat-26ss-gemma","7":"product_cat-all","8":"product_cat-collection","9":"product_cat-top","11":"first","12":"instock","13":"shipping-taxable","14":"purchasable","15":"product-type-variable"},"yoast_head":"<!-- This site is optimized with the Yoast SEO plugin v26.3 - https:\/\/yoast.com\/wordpress\/plugins\/seo\/ -->\n<title>BALLINE RAGLAN THERMAL \u201cWASHED BLACK&quot; - FEINICK\u00d6<\/title>\n<meta name=\"robots\" content=\"index, follow, max-snippet:-1, max-image-preview:large, max-video-preview:-1\" \/>\n<link rel=\"canonical\" href=\"https:\/\/feinicko.com\/vnd\/products\/balline-raglan-thermal-washed-black\" \/>\n<meta property=\"og:locale\" content=\"vi_VN\" \/>\n<meta property=\"og:type\" content=\"article\" \/>\n<meta property=\"og:title\" content=\"BALLINE RAGLAN THERMAL \u201cWASHED BLACK&quot; - FEINICK\u00d6\" \/>\n<meta property=\"og:description\" content=\"\u00c1O TAY D\u00c0I RAGLAN FORM RELAXED \u0110\u01af\u1ee2C L\u00c0M T\u1eea CH\u1ea4T LI\u1ec6U COTTON WAFFLE-KNIT THO\u00c1NG KH\u00cd. HO\u00c0N THI\u1ec6N V\u1edaI K\u1ef8 THU\u1eacT NHU\u1ed8M PIGMENT STONEWASH T\u1ea0O HI\u1ec6U \u1ee8NG M\u00c0U S\u1eaeC T\u1ef0 NHI\u00caN NH\u01af \u0110\u00c3 QUA S\u1eec D\u1ee4NG. THI\u1ebeT K\u1ebe V\u1edaI LOGO FEINICK\u00d6 NH\u1ece \u1ede NG\u1ef0C V\u00c0 H\u00ccNH IN M\u1eb6T SAU L\u1ea4Y C\u1ea2M H\u1ee8NG T\u1eea NH\u1eeeNG QU\u1ea2 BI-A NHI\u1ec0U M\u00c0U S\u1eaeC X\u1ebeP TH\u00c0NH T\u00caN TH\u01af\u01a0NG HI\u1ec6U. PRODUCT INFORMATIONFABRIC: COTTON WAFFLE-KNIT THERMAL 250GSMWASH: NHU\u1ed8M PIGMENT STONEWASHPRINT: IN L\u1ee4A (SILK SCREEN PRINT)FIT: RELAXED FIT PRODUCT DETAILSRELAXED FITCOTTON WAFFLE-KNIT THERMALC\u1ea4U TR\u00daC TAY RAGLANLOGO IN \u1ede NG\u1ef0C TR\u01af\u1edaCH\u00ccNH IN GRAPHIC M\u1eb6T SAUHO\u00c0N THI\u1ec6N V\u1edaI HI\u1ec6U \u1ee8NG NHU\u1ed8M PIGMENT STONEWASHC\u1ed4 \u00c1O BO G\u00c2N MODEL CAO 180 CM \/ 75 KG (5\u201911\u201d \/ 165 LBS) V\u00c0 M\u1eb6C SIZE L THI\u1ebeT K\u1ebe N\u00c0Y S\u1eec D\u1ee4NG SIZE NAM, \u0110\u1ed0I V\u1edaI SIZE N\u1eee VUI L\u00d2NG THAM KH\u1ea2OB\u1ea2NG SIZE B\u00caN D\u01af\u1edaI: 100% COTTON WAFFLE-KNIT THERMAL (250GSM)\" \/>\n<meta property=\"og:url\" content=\"https:\/\/feinicko.com\/vnd\/products\/balline-raglan-thermal-washed-black\" \/>\n<meta property=\"og:site_name\" content=\"FEINICK\u00d6\" \/>\n<meta property=\"og:image\" content=\"https:\/\/feinicko.com\/vnd\/wp-content\/uploads\/2026\/03\/LONGSLEEVE-BLACK.png\" \/>\n\t<meta property=\"og:image:width\" content=\"2000\" \/>\n\t<meta property=\"og:image:height\" content=\"2000\" \/>\n\t<meta property=\"og:image:type\" content=\"image\/png\" \/>\n<meta name=\"twitter:card\" content=\"summary_large_image\" \/>\n<meta name=\"twitter:label1\" content=\"\u01af\u1edbc t\u00ednh th\u1eddi gian \u0111\u1ecdc\" \/>\n\t<meta name=\"twitter:data1\" content=\"1 ph\u00fat\" \/>\n<script type=\"application\/ld+json\" class=\"yoast-schema-graph\">{\"@context\":\"https:\/\/schema.org\",\"@graph\":[{\"@type\":\"WebPage\",\"@id\":\"https:\/\/feinicko.com\/vnd\/products\/balline-raglan-thermal-washed-black\",\"url\":\"https:\/\/feinicko.com\/vnd\/products\/balline-raglan-thermal-washed-black\",\"name\":\"BALLINE RAGLAN THERMAL \u201cWASHED BLACK\\\" - FEINICK\u00d6\",\"isPartOf\":{\"@id\":\"https:\/\/feinicko.com\/vnd\/#website\"},\"primaryImageOfPage\":{\"@id\":\"https:\/\/feinicko.com\/vnd\/products\/balline-raglan-thermal-washed-black#primaryimage\"},\"image\":{\"@id\":\"https:\/\/feinicko.com\/vnd\/products\/balline-raglan-thermal-washed-black#primaryimage\"},\"thumbnailUrl\":\"https:\/\/feinicko.com\/vnd\/wp-content\/uploads\/2026\/03\/LONGSLEEVE-BLACK.png\",\"datePublished\":\"2026-03-06T12:30:06+00:00\",\"breadcrumb\":{\"@id\":\"https:\/\/feinicko.com\/vnd\/products\/balline-raglan-thermal-washed-black#breadcrumb\"},\"inLanguage\":\"vi\",\"potentialAction\":[{\"@type\":\"ReadAction\",\"target\":[\"https:\/\/feinicko.com\/vnd\/products\/balline-raglan-thermal-washed-black\"]}]},{\"@type\":\"ImageObject\",\"inLanguage\":\"vi\",\"@id\":\"https:\/\/feinicko.com\/vnd\/products\/balline-raglan-thermal-washed-black#primaryimage\",\"url\":\"https:\/\/feinicko.com\/vnd\/wp-content\/uploads\/2026\/03\/LONGSLEEVE-BLACK.png\",\"contentUrl\":\"https:\/\/feinicko.com\/vnd\/wp-content\/uploads\/2026\/03\/LONGSLEEVE-BLACK.png\",\"width\":2000,\"height\":2000},{\"@type\":\"BreadcrumbList\",\"@id\":\"https:\/\/feinicko.com\/vnd\/products\/balline-raglan-thermal-washed-black#breadcrumb\",\"itemListElement\":[{\"@type\":\"ListItem\",\"position\":1,\"name\":\"Home\",\"item\":\"https:\/\/feinicko.com\/vnd\/\"},{\"@type\":\"ListItem\",\"position\":2,\"name\":\"Shop\",\"item\":\"https:\/\/feinicko.com\/vnd\/shop\"},{\"@type\":\"ListItem\",\"position\":3,\"name\":\"BALLINE RAGLAN THERMAL \u201cWASHED BLACK&#8221;\"}]},{\"@type\":\"WebSite\",\"@id\":\"https:\/\/feinicko.com\/vnd\/#website\",\"url\":\"https:\/\/feinicko.com\/vnd\/\",\"name\":\"FEINICK\u00d6\",\"description\":\"ASTR\u00d6FEIN - FW24\",\"potentialAction\":[{\"@type\":\"SearchAction\",\"target\":{\"@type\":\"EntryPoint\",\"urlTemplate\":\"https:\/\/feinicko.com\/vnd\/?s={search_term_string}\"},\"query-input\":{\"@type\":\"PropertyValueSpecification\",\"valueRequired\":true,\"valueName\":\"search_term_string\"}}],\"inLanguage\":\"vi\"}]}<\/script>\n<!-- \/ Yoast SEO plugin. -->","yoast_head_json":{"title":"BALLINE RAGLAN THERMAL \u201cWASHED BLACK\" - FEINICK\u00d6","robots":{"index":"index","follow":"follow","max-snippet":"max-snippet:-1","max-image-preview":"max-image-preview:large","max-video-preview":"max-video-preview:-1"},"canonical":"https:\/\/feinicko.com\/vnd\/products\/balline-raglan-thermal-washed-black","og_locale":"vi_VN","og_type":"article","og_title":"BALLINE RAGLAN THERMAL \u201cWASHED BLACK\" - FEINICK\u00d6","og_description":"\u00c1O TAY D\u00c0I RAGLAN FORM RELAXED \u0110\u01af\u1ee2C L\u00c0M T\u1eea CH\u1ea4T LI\u1ec6U COTTON WAFFLE-KNIT THO\u00c1NG KH\u00cd. HO\u00c0N THI\u1ec6N V\u1edaI K\u1ef8 THU\u1eacT NHU\u1ed8M PIGMENT STONEWASH T\u1ea0O HI\u1ec6U \u1ee8NG M\u00c0U S\u1eaeC T\u1ef0 NHI\u00caN NH\u01af \u0110\u00c3 QUA S\u1eec D\u1ee4NG. THI\u1ebeT K\u1ebe V\u1edaI LOGO FEINICK\u00d6 NH\u1ece \u1ede NG\u1ef0C V\u00c0 H\u00ccNH IN M\u1eb6T SAU L\u1ea4Y C\u1ea2M H\u1ee8NG T\u1eea NH\u1eeeNG QU\u1ea2 BI-A NHI\u1ec0U M\u00c0U S\u1eaeC X\u1ebeP TH\u00c0NH T\u00caN TH\u01af\u01a0NG HI\u1ec6U. PRODUCT INFORMATIONFABRIC: COTTON WAFFLE-KNIT THERMAL 250GSMWASH: NHU\u1ed8M PIGMENT STONEWASHPRINT: IN L\u1ee4A (SILK SCREEN PRINT)FIT: RELAXED FIT PRODUCT DETAILSRELAXED FITCOTTON WAFFLE-KNIT THERMALC\u1ea4U TR\u00daC TAY RAGLANLOGO IN \u1ede NG\u1ef0C TR\u01af\u1edaCH\u00ccNH IN GRAPHIC M\u1eb6T SAUHO\u00c0N THI\u1ec6N V\u1edaI HI\u1ec6U \u1ee8NG NHU\u1ed8M PIGMENT STONEWASHC\u1ed4 \u00c1O BO G\u00c2N MODEL CAO 180 CM \/ 75 KG (5\u201911\u201d \/ 165 LBS) V\u00c0 M\u1eb6C SIZE L THI\u1ebeT K\u1ebe N\u00c0Y S\u1eec D\u1ee4NG SIZE NAM, \u0110\u1ed0I V\u1edaI SIZE N\u1eee VUI L\u00d2NG THAM KH\u1ea2OB\u1ea2NG SIZE B\u00caN D\u01af\u1edaI: 100% COTTON WAFFLE-KNIT THERMAL (250GSM)","og_url":"https:\/\/feinicko.com\/vnd\/products\/balline-raglan-thermal-washed-black","og_site_name":"FEINICK\u00d6","og_image":[{"width":2000,"height":2000,"url":"https:\/\/feinicko.com\/vnd\/wp-content\/uploads\/2026\/03\/LONGSLEEVE-BLACK.png","type":"image\/png"}],"twitter_card":"summary_large_image","twitter_misc":{"\u01af\u1edbc t\u00ednh th\u1eddi gian \u0111\u1ecdc":"1 ph\u00fat"},"schema":{"@context":"https:\/\/schema.org","@graph":[{"@type":"WebPage","@id":"https:\/\/feinicko.com\/vnd\/products\/balline-raglan-thermal-washed-black","url":"https:\/\/feinicko.com\/vnd\/products\/balline-raglan-thermal-washed-black","name":"BALLINE RAGLAN THERMAL \u201cWASHED BLACK\" - FEINICK\u00d6","isPartOf":{"@id":"https:\/\/feinicko.com\/vnd\/#website"},"primaryImageOfPage":{"@id":"https:\/\/feinicko.com\/vnd\/products\/balline-raglan-thermal-washed-black#primaryimage"},"image":{"@id":"https:\/\/feinicko.com\/vnd\/products\/balline-raglan-thermal-washed-black#primaryimage"},"thumbnailUrl":"https:\/\/feinicko.com\/vnd\/wp-content\/uploads\/2026\/03\/LONGSLEEVE-BLACK.png","datePublished":"2026-03-06T12:30:06+00:00","breadcrumb":{"@id":"https:\/\/feinicko.com\/vnd\/products\/balline-raglan-thermal-washed-black#breadcrumb"},"inLanguage":"vi","potentialAction":[{"@type":"ReadAction","target":["https:\/\/feinicko.com\/vnd\/products\/balline-raglan-thermal-washed-black"]}]},{"@type":"ImageObject","inLanguage":"vi","@id":"https:\/\/feinicko.com\/vnd\/products\/balline-raglan-thermal-washed-black#primaryimage","url":"https:\/\/feinicko.com\/vnd\/wp-content\/uploads\/2026\/03\/LONGSLEEVE-BLACK.png","contentUrl":"https:\/\/feinicko.com\/vnd\/wp-content\/uploads\/2026\/03\/LONGSLEEVE-BLACK.png","width":2000,"height":2000},{"@type":"BreadcrumbList","@id":"https:\/\/feinicko.com\/vnd\/products\/balline-raglan-thermal-washed-black#breadcrumb","itemListElement":[{"@type":"ListItem","position":1,"name":"Home","item":"https:\/\/feinicko.com\/vnd\/"},{"@type":"ListItem","position":2,"name":"Shop","item":"https:\/\/feinicko.com\/vnd\/shop"},{"@type":"ListItem","position":3,"name":"BALLINE RAGLAN THERMAL \u201cWASHED BLACK&#8221;"}]},{"@type":"WebSite","@id":"https:\/\/feinicko.com\/vnd\/#website","url":"https:\/\/feinicko.com\/vnd\/","name":"FEINICK\u00d6","description":"ASTR\u00d6FEIN - FW24","potentialAction":[{"@type":"SearchAction","target":{"@type":"EntryPoint","urlTemplate":"https:\/\/feinicko.com\/vnd\/?s={search_term_string}"},"query-input":{"@type":"PropertyValueSpecification","valueRequired":true,"valueName":"search_term_string"}}],"inLanguage":"vi"}]}},"_links":{"self":[{"href":"https:\/\/feinicko.com\/vnd\/wp-json\/wp\/v2\/product\/3736","targetHints":{"allow":["GET"]}}],"collection":[{"href":"https:\/\/feinicko.com\/vnd\/wp-json\/wp\/v2\/product"}],"about":[{"href":"https:\/\/feinicko.com\/vnd\/wp-json\/wp\/v2\/types\/product"}],"replies":[{"embeddable":true,"href":"https:\/\/feinicko.com\/vnd\/wp-json\/wp\/v2\/comments?post=3736"}],"wp:featuredmedia":[{"embeddable":true,"href":"https:\/\/feinicko.com\/vnd\/wp-json\/wp\/v2\/media\/3712"}],"wp:attachment":[{"href":"https:\/\/feinicko.com\/vnd\/wp-json\/wp\/v2\/media?parent=3736"}],"wp:term":[{"taxonomy":"product_brand","embeddable":true,"href":"https:\/\/feinicko.com\/vnd\/wp-json\/wp\/v2\/product_brand?post=3736"},{"taxonomy":"product_cat","embeddable":true,"href":"https:\/\/feinicko.com\/vnd\/wp-json\/wp\/v2\/product_cat?post=3736"},{"taxonomy":"product_tag","embeddable":true,"href":"https:\/\/feinicko.com\/vnd\/wp-json\/wp\/v2\/product_tag?post=3736"}],"curies":[{"name":"wp","href":"https:\/\/api.w.org\/{rel}","templated":true}]}}