{"id":3761,"date":"2026-03-06T19:30:44","date_gmt":"2026-03-06T12:30:44","guid":{"rendered":"https:\/\/feinicko.com\/vnd\/?post_type=product&#038;p=3761"},"modified":"2026-03-06T19:03:06","modified_gmt":"2026-03-06T12:03:06","slug":"gem-row-vest-washed-red","status":"publish","type":"product","link":"https:\/\/feinicko.com\/vnd\/products\/gem-row-vest-washed-red","title":{"rendered":"GEM ROW VEST &#8220;WASHED RED&#8221;"},"content":{"rendered":"<p><img decoding=\"async\" class=\"alignnone size-full wp-image-3776 lazyload\" data-src=\"https:\/\/feinicko.com\/vnd\/wp-content\/uploads\/2026\/03\/WORKVEST-SIZECHART.png\" alt=\"\" width=\"2000\" height=\"2000\" data-srcset=\"https:\/\/feinicko.com\/vnd\/wp-content\/uploads\/2026\/03\/WORKVEST-SIZECHART.png 2000w, https:\/\/feinicko.com\/vnd\/wp-content\/uploads\/2026\/03\/WORKVEST-SIZECHART-300x300.png 300w, https:\/\/feinicko.com\/vnd\/wp-content\/uploads\/2026\/03\/WORKVEST-SIZECHART-600x600.png 600w, https:\/\/feinicko.com\/vnd\/wp-content\/uploads\/2026\/03\/WORKVEST-SIZECHART-100x100.png 100w\" data-sizes=\"(max-width: 2000px) 100vw, 2000px\" src=\"data:image\/svg+xml;base64,PHN2ZyB3aWR0aD0iMSIgaGVpZ2h0PSIxIiB4bWxucz0iaHR0cDovL3d3dy53My5vcmcvMjAwMC9zdmciPjwvc3ZnPg==\" style=\"--smush-placeholder-width: 2000px; --smush-placeholder-aspect-ratio: 2000\/2000;\" \/><\/p>\n","protected":false},"excerpt":{"rendered":"<div class=\"flex flex-col text-sm pb-25\">\n<article class=\"text-token-text-primary w-full focus:outline-none [--shadow-height:45px] has-data-writing-block:pointer-events-none has-data-writing-block:-mt-(--shadow-height) has-data-writing-block:pt-(--shadow-height) [&amp;:has([data-writing-block])&gt;*]:pointer-events-auto scroll-mt-[calc(var(--header-height)+min(200px,max(70px,20svh)))]\" dir=\"auto\" tabindex=\"-1\" data-turn-id=\"request-WEB:a0aee4f0-7fd4-4323-aafc-fc88d16dcfbe-5\" data-testid=\"conversation-turn-12\" data-scroll-anchor=\"true\" data-turn=\"assistant\">\n<div class=\"text-base my-auto mx-auto pb-10 [--thread-content-margin:var(--thread-content-margin-xs,calc(var(--spacing)*4))] @w-sm\/main:[--thread-content-margin:var(--thread-content-margin-sm,calc(var(--spacing)*6))] @w-lg\/main:[--thread-content-margin:var(--thread-content-margin-lg,calc(var(--spacing)*16))] px-(--thread-content-margin)\">\n<div class=\"[--thread-content-max-width:40rem] @w-lg\/main:[--thread-content-max-width:48rem] mx-auto max-w-(--thread-content-max-width) flex-1 group\/turn-messages focus-visible:outline-hidden relative flex w-full min-w-0 flex-col agent-turn\" tabindex=\"-1\">\n<div class=\"flex max-w-full flex-col gap-4 grow\">\n<div class=\"min-h-8 text-message relative flex w-full flex-col items-end gap-2 text-start break-words whitespace-normal [.text-message+&amp;]:mt-1\" dir=\"auto\" data-message-author-role=\"assistant\" data-message-id=\"5210273e-f4b2-4172-8a06-77aff1ce1b4f\" data-message-model-slug=\"gpt-5-3-instant\">\n<div class=\"flex w-full flex-col gap-1 empty:hidden\">\n<div class=\"markdown prose dark:prose-invert w-full wrap-break-word dark markdown-new-styling\">\n<p data-start=\"0\" data-end=\"430\">\u00c1O GILE KH\u00d3A K\u00c9O FORM RELAXED \u0110\u01af\u1ee2C L\u00c0M T\u1eea CH\u1ea4T LI\u1ec6U CANVAS 100% COTTON B\u1ec0N B\u1ec8, L\u1ea4Y C\u1ea2M H\u1ee8NG T\u1eea NH\u1eeeNG M\u1eaaU WORK VEST C\u1ed4 \u0110I\u1ec2N C\u1ee6A CARHARTT. \u0110\u01af\u1ee2C NHU\u1ed8M GARMENT DYE V\u00c0 STONEWASH \u0110\u1ec2 T\u1ea0O HI\u1ec6U \u1ee8NG M\u00c0U S\u1eaeC T\u1ef0 NHI\u00caN NH\u01af \u0110\u00c3 QUA S\u1eec D\u1ee4NG. THI\u1ebeT K\u1ebe N\u1ed4I B\u1eacT V\u1edaI CHI TI\u1ebeT \u0110\u00c1 M\u00c0U D\u1eccC THEO VI\u1ec0N T\u00daI, LOGO FEINICK\u00d6 D\u1eacP N\u1ed4I NH\u1eb8 \u1ede NG\u1ef0C, V\u00c0 KH\u00d3A K\u00c9O YKK \u0110\u1eb6C TR\u01afNG V\u1edaI \u0110\u1ea6U K\u00c9O H\u00ccNH CON NG\u1ef0A. L\u1edaP L\u00d3T CH\u1ea6N B\u00d4NG NH\u1eb8 MANG L\u1ea0I S\u1ef0 THO\u1ea2I M\u00c1I \u0110\u1ec2 M\u1eb6C QUANH N\u0102M.<\/p>\n<p data-start=\"432\" data-end=\"618\">PRODUCT INFORMATION<br data-start=\"451\" data-end=\"454\" \/>FABRIC: CANVAS 100% COTTON<br data-start=\"480\" data-end=\"483\" \/>LINING: L\u1edaP L\u00d3T CH\u1ea6N B\u00d4NG NH\u1eb8<br data-start=\"512\" data-end=\"515\" \/>WASH: GARMENT DYED V\u00c0 STONEWASH<br data-start=\"546\" data-end=\"549\" \/>HARDWARE: KH\u00d3A K\u00c9O YKK V\u1edaI \u0110\u1ea6U K\u00c9O H\u00ccNH CON NG\u1ef0A<br data-start=\"597\" data-end=\"600\" \/>FIT: RELAXED FIT<\/p>\n<p data-start=\"620\" data-end=\"898\">PRODUCT DETAILS<br data-start=\"635\" data-end=\"638\" \/>RELAXED FIT<br data-start=\"649\" data-end=\"652\" \/>CH\u1ea4T LI\u1ec6U CANVAS COTTON B\u1ec0N B\u1ec8<br data-start=\"682\" data-end=\"685\" \/>L\u1edaP L\u00d3T CH\u1ea6N B\u00d4NG NH\u1eb8<br data-start=\"706\" data-end=\"709\" \/>KH\u00d3A K\u00c9O PH\u00cdA TR\u01af\u1edaC<br data-start=\"728\" data-end=\"731\" \/>KH\u00d3A K\u00c9O YKK \u0110\u1ea6U K\u00c9O H\u00ccNH CON NG\u1ef0A<br data-start=\"765\" data-end=\"768\" \/>T\u00daI TR\u01af\u1edaC V\u1edaI CHI TI\u1ebeT \u0110\u00c1 M\u00c0U<br data-start=\"797\" data-end=\"800\" \/>LOGO FEINICK\u00d6 SS26 ARCHIVE D\u1eacP N\u1ed4I \u1ede NG\u1ef0C<br data-start=\"841\" data-end=\"844\" \/>D\u00c2Y R\u00daT \u0110I\u1ec0U CH\u1ec8NH \u1ede G\u1ea4U \u00c1O<br data-start=\"871\" data-end=\"874\" \/>ITEM PH\u1ed0I L\u1edaP THEO M\u00d9A<\/p>\n<p data-start=\"900\" data-end=\"958\">MODEL CAO 180 CM \/ 75 KG (5&#8217;11&#8221; \/ 165 LBS) V\u00c0 M\u1eb6C SIZE L<\/p>\n<p data-start=\"960\" data-end=\"1047\" data-is-last-node=\"\" data-is-only-node=\"\">THI\u1ebeT K\u1ebe N\u00c0Y S\u1eec D\u1ee4NG SIZE NAM, \u0110\u1ed0I V\u1edaI SIZE N\u1eee VUI L\u00d2NG THAM KH\u1ea2O<br data-start=\"1025\" data-end=\"1028\" \/>B\u1ea2NG SIZE B\u00caN D\u01af\u1edaI:<\/p>\n<\/div>\n<\/div>\n<\/div>\n<\/div>\n<\/div>\n<\/div>\n<\/article>\n<\/div>\n","protected":false},"featured_media":3757,"comment_status":"closed","ping_status":"closed","template":"","meta":[],"product_brand":[],"product_cat":[153,119,127,122,151],"product_tag":[],"class_list":{"0":"post-3761","1":"product","2":"type-product","3":"status-publish","4":"has-post-thumbnail","6":"product_cat-26ss-gemma","7":"product_cat-all","8":"product_cat-collection","9":"product_cat-outerwears","10":"product_cat-top","12":"first","13":"instock","14":"shipping-taxable","15":"purchasable","16":"product-type-variable"},"yoast_head":"<!-- This site is optimized with the Yoast SEO plugin v26.3 - https:\/\/yoast.com\/wordpress\/plugins\/seo\/ -->\n<title>GEM ROW VEST &quot;WASHED RED&quot; - FEINICK\u00d6<\/title>\n<meta name=\"robots\" content=\"index, follow, max-snippet:-1, max-image-preview:large, max-video-preview:-1\" \/>\n<link rel=\"canonical\" href=\"https:\/\/feinicko.com\/vnd\/products\/gem-row-vest-washed-red\" \/>\n<meta property=\"og:locale\" content=\"vi_VN\" \/>\n<meta property=\"og:type\" content=\"article\" \/>\n<meta property=\"og:title\" content=\"GEM ROW VEST &quot;WASHED RED&quot; - FEINICK\u00d6\" \/>\n<meta property=\"og:description\" content=\"\u00c1O GILE KH\u00d3A K\u00c9O FORM RELAXED \u0110\u01af\u1ee2C L\u00c0M T\u1eea CH\u1ea4T LI\u1ec6U CANVAS 100% COTTON B\u1ec0N B\u1ec8, L\u1ea4Y C\u1ea2M H\u1ee8NG T\u1eea NH\u1eeeNG M\u1eaaU WORK VEST C\u1ed4 \u0110I\u1ec2N C\u1ee6A CARHARTT. \u0110\u01af\u1ee2C NHU\u1ed8M GARMENT DYE V\u00c0 STONEWASH \u0110\u1ec2 T\u1ea0O HI\u1ec6U \u1ee8NG M\u00c0U S\u1eaeC T\u1ef0 NHI\u00caN NH\u01af \u0110\u00c3 QUA S\u1eec D\u1ee4NG. THI\u1ebeT K\u1ebe N\u1ed4I B\u1eacT V\u1edaI CHI TI\u1ebeT \u0110\u00c1 M\u00c0U D\u1eccC THEO VI\u1ec0N T\u00daI, LOGO FEINICK\u00d6 D\u1eacP N\u1ed4I NH\u1eb8 \u1ede NG\u1ef0C, V\u00c0 KH\u00d3A K\u00c9O YKK \u0110\u1eb6C TR\u01afNG V\u1edaI \u0110\u1ea6U K\u00c9O H\u00ccNH CON NG\u1ef0A. L\u1edaP L\u00d3T CH\u1ea6N B\u00d4NG NH\u1eb8 MANG L\u1ea0I S\u1ef0 THO\u1ea2I M\u00c1I \u0110\u1ec2 M\u1eb6C QUANH N\u0102M. PRODUCT INFORMATIONFABRIC: CANVAS 100% COTTONLINING: L\u1edaP L\u00d3T CH\u1ea6N B\u00d4NG NH\u1eb8WASH: GARMENT DYED V\u00c0 STONEWASHHARDWARE: KH\u00d3A K\u00c9O YKK V\u1edaI \u0110\u1ea6U K\u00c9O H\u00ccNH CON NG\u1ef0AFIT: RELAXED FIT PRODUCT DETAILSRELAXED FITCH\u1ea4T LI\u1ec6U CANVAS COTTON B\u1ec0N B\u1ec8L\u1edaP L\u00d3T CH\u1ea6N B\u00d4NG NH\u1eb8KH\u00d3A K\u00c9O PH\u00cdA TR\u01af\u1edaCKH\u00d3A K\u00c9O YKK \u0110\u1ea6U K\u00c9O H\u00ccNH CON NG\u1ef0AT\u00daI TR\u01af\u1edaC V\u1edaI CHI TI\u1ebeT \u0110\u00c1 M\u00c0ULOGO FEINICK\u00d6 SS26 ARCHIVE D\u1eacP N\u1ed4I \u1ede NG\u1ef0CD\u00c2Y R\u00daT \u0110I\u1ec0U CH\u1ec8NH \u1ede G\u1ea4U \u00c1OITEM PH\u1ed0I L\u1edaP THEO M\u00d9A MODEL CAO 180 CM \/ 75 KG (5&#039;11&quot; \/ 165 LBS) V\u00c0 M\u1eb6C SIZE L THI\u1ebeT K\u1ebe N\u00c0Y S\u1eec D\u1ee4NG SIZE NAM, \u0110\u1ed0I V\u1edaI SIZE N\u1eee VUI L\u00d2NG THAM KH\u1ea2OB\u1ea2NG SIZE B\u00caN D\u01af\u1edaI:\" \/>\n<meta property=\"og:url\" content=\"https:\/\/feinicko.com\/vnd\/products\/gem-row-vest-washed-red\" \/>\n<meta property=\"og:site_name\" content=\"FEINICK\u00d6\" \/>\n<meta property=\"og:image\" content=\"https:\/\/feinicko.com\/vnd\/wp-content\/uploads\/2026\/03\/WORKVEST-RED.png\" \/>\n\t<meta property=\"og:image:width\" content=\"2000\" \/>\n\t<meta property=\"og:image:height\" content=\"2000\" \/>\n\t<meta property=\"og:image:type\" content=\"image\/png\" \/>\n<meta name=\"twitter:card\" content=\"summary_large_image\" \/>\n<meta name=\"twitter:label1\" content=\"\u01af\u1edbc t\u00ednh th\u1eddi gian \u0111\u1ecdc\" \/>\n\t<meta name=\"twitter:data1\" content=\"1 ph\u00fat\" \/>\n<script type=\"application\/ld+json\" class=\"yoast-schema-graph\">{\"@context\":\"https:\/\/schema.org\",\"@graph\":[{\"@type\":\"WebPage\",\"@id\":\"https:\/\/feinicko.com\/vnd\/products\/gem-row-vest-washed-red\",\"url\":\"https:\/\/feinicko.com\/vnd\/products\/gem-row-vest-washed-red\",\"name\":\"GEM ROW VEST \\\"WASHED RED\\\" - FEINICK\u00d6\",\"isPartOf\":{\"@id\":\"https:\/\/feinicko.com\/vnd\/#website\"},\"primaryImageOfPage\":{\"@id\":\"https:\/\/feinicko.com\/vnd\/products\/gem-row-vest-washed-red#primaryimage\"},\"image\":{\"@id\":\"https:\/\/feinicko.com\/vnd\/products\/gem-row-vest-washed-red#primaryimage\"},\"thumbnailUrl\":\"https:\/\/feinicko.com\/vnd\/wp-content\/uploads\/2026\/03\/WORKVEST-RED.png\",\"datePublished\":\"2026-03-06T12:30:44+00:00\",\"breadcrumb\":{\"@id\":\"https:\/\/feinicko.com\/vnd\/products\/gem-row-vest-washed-red#breadcrumb\"},\"inLanguage\":\"vi\",\"potentialAction\":[{\"@type\":\"ReadAction\",\"target\":[\"https:\/\/feinicko.com\/vnd\/products\/gem-row-vest-washed-red\"]}]},{\"@type\":\"ImageObject\",\"inLanguage\":\"vi\",\"@id\":\"https:\/\/feinicko.com\/vnd\/products\/gem-row-vest-washed-red#primaryimage\",\"url\":\"https:\/\/feinicko.com\/vnd\/wp-content\/uploads\/2026\/03\/WORKVEST-RED.png\",\"contentUrl\":\"https:\/\/feinicko.com\/vnd\/wp-content\/uploads\/2026\/03\/WORKVEST-RED.png\",\"width\":2000,\"height\":2000},{\"@type\":\"BreadcrumbList\",\"@id\":\"https:\/\/feinicko.com\/vnd\/products\/gem-row-vest-washed-red#breadcrumb\",\"itemListElement\":[{\"@type\":\"ListItem\",\"position\":1,\"name\":\"Home\",\"item\":\"https:\/\/feinicko.com\/vnd\/\"},{\"@type\":\"ListItem\",\"position\":2,\"name\":\"Shop\",\"item\":\"https:\/\/feinicko.com\/vnd\/shop\"},{\"@type\":\"ListItem\",\"position\":3,\"name\":\"GEM ROW VEST &#8220;WASHED RED&#8221;\"}]},{\"@type\":\"WebSite\",\"@id\":\"https:\/\/feinicko.com\/vnd\/#website\",\"url\":\"https:\/\/feinicko.com\/vnd\/\",\"name\":\"FEINICK\u00d6\",\"description\":\"ASTR\u00d6FEIN - FW24\",\"potentialAction\":[{\"@type\":\"SearchAction\",\"target\":{\"@type\":\"EntryPoint\",\"urlTemplate\":\"https:\/\/feinicko.com\/vnd\/?s={search_term_string}\"},\"query-input\":{\"@type\":\"PropertyValueSpecification\",\"valueRequired\":true,\"valueName\":\"search_term_string\"}}],\"inLanguage\":\"vi\"}]}<\/script>\n<!-- \/ Yoast SEO plugin. -->","yoast_head_json":{"title":"GEM ROW VEST \"WASHED RED\" - FEINICK\u00d6","robots":{"index":"index","follow":"follow","max-snippet":"max-snippet:-1","max-image-preview":"max-image-preview:large","max-video-preview":"max-video-preview:-1"},"canonical":"https:\/\/feinicko.com\/vnd\/products\/gem-row-vest-washed-red","og_locale":"vi_VN","og_type":"article","og_title":"GEM ROW VEST \"WASHED RED\" - FEINICK\u00d6","og_description":"\u00c1O GILE KH\u00d3A K\u00c9O FORM RELAXED \u0110\u01af\u1ee2C L\u00c0M T\u1eea CH\u1ea4T LI\u1ec6U CANVAS 100% COTTON B\u1ec0N B\u1ec8, L\u1ea4Y C\u1ea2M H\u1ee8NG T\u1eea NH\u1eeeNG M\u1eaaU WORK VEST C\u1ed4 \u0110I\u1ec2N C\u1ee6A CARHARTT. \u0110\u01af\u1ee2C NHU\u1ed8M GARMENT DYE V\u00c0 STONEWASH \u0110\u1ec2 T\u1ea0O HI\u1ec6U \u1ee8NG M\u00c0U S\u1eaeC T\u1ef0 NHI\u00caN NH\u01af \u0110\u00c3 QUA S\u1eec D\u1ee4NG. THI\u1ebeT K\u1ebe N\u1ed4I B\u1eacT V\u1edaI CHI TI\u1ebeT \u0110\u00c1 M\u00c0U D\u1eccC THEO VI\u1ec0N T\u00daI, LOGO FEINICK\u00d6 D\u1eacP N\u1ed4I NH\u1eb8 \u1ede NG\u1ef0C, V\u00c0 KH\u00d3A K\u00c9O YKK \u0110\u1eb6C TR\u01afNG V\u1edaI \u0110\u1ea6U K\u00c9O H\u00ccNH CON NG\u1ef0A. L\u1edaP L\u00d3T CH\u1ea6N B\u00d4NG NH\u1eb8 MANG L\u1ea0I S\u1ef0 THO\u1ea2I M\u00c1I \u0110\u1ec2 M\u1eb6C QUANH N\u0102M. PRODUCT INFORMATIONFABRIC: CANVAS 100% COTTONLINING: L\u1edaP L\u00d3T CH\u1ea6N B\u00d4NG NH\u1eb8WASH: GARMENT DYED V\u00c0 STONEWASHHARDWARE: KH\u00d3A K\u00c9O YKK V\u1edaI \u0110\u1ea6U K\u00c9O H\u00ccNH CON NG\u1ef0AFIT: RELAXED FIT PRODUCT DETAILSRELAXED FITCH\u1ea4T LI\u1ec6U CANVAS COTTON B\u1ec0N B\u1ec8L\u1edaP L\u00d3T CH\u1ea6N B\u00d4NG NH\u1eb8KH\u00d3A K\u00c9O PH\u00cdA TR\u01af\u1edaCKH\u00d3A K\u00c9O YKK \u0110\u1ea6U K\u00c9O H\u00ccNH CON NG\u1ef0AT\u00daI TR\u01af\u1edaC V\u1edaI CHI TI\u1ebeT \u0110\u00c1 M\u00c0ULOGO FEINICK\u00d6 SS26 ARCHIVE D\u1eacP N\u1ed4I \u1ede NG\u1ef0CD\u00c2Y R\u00daT \u0110I\u1ec0U CH\u1ec8NH \u1ede G\u1ea4U \u00c1OITEM PH\u1ed0I L\u1edaP THEO M\u00d9A MODEL CAO 180 CM \/ 75 KG (5'11\" \/ 165 LBS) V\u00c0 M\u1eb6C SIZE L THI\u1ebeT K\u1ebe N\u00c0Y S\u1eec D\u1ee4NG SIZE NAM, \u0110\u1ed0I V\u1edaI SIZE N\u1eee VUI L\u00d2NG THAM KH\u1ea2OB\u1ea2NG SIZE B\u00caN D\u01af\u1edaI:","og_url":"https:\/\/feinicko.com\/vnd\/products\/gem-row-vest-washed-red","og_site_name":"FEINICK\u00d6","og_image":[{"width":2000,"height":2000,"url":"https:\/\/feinicko.com\/vnd\/wp-content\/uploads\/2026\/03\/WORKVEST-RED.png","type":"image\/png"}],"twitter_card":"summary_large_image","twitter_misc":{"\u01af\u1edbc t\u00ednh th\u1eddi gian \u0111\u1ecdc":"1 ph\u00fat"},"schema":{"@context":"https:\/\/schema.org","@graph":[{"@type":"WebPage","@id":"https:\/\/feinicko.com\/vnd\/products\/gem-row-vest-washed-red","url":"https:\/\/feinicko.com\/vnd\/products\/gem-row-vest-washed-red","name":"GEM ROW VEST \"WASHED RED\" - FEINICK\u00d6","isPartOf":{"@id":"https:\/\/feinicko.com\/vnd\/#website"},"primaryImageOfPage":{"@id":"https:\/\/feinicko.com\/vnd\/products\/gem-row-vest-washed-red#primaryimage"},"image":{"@id":"https:\/\/feinicko.com\/vnd\/products\/gem-row-vest-washed-red#primaryimage"},"thumbnailUrl":"https:\/\/feinicko.com\/vnd\/wp-content\/uploads\/2026\/03\/WORKVEST-RED.png","datePublished":"2026-03-06T12:30:44+00:00","breadcrumb":{"@id":"https:\/\/feinicko.com\/vnd\/products\/gem-row-vest-washed-red#breadcrumb"},"inLanguage":"vi","potentialAction":[{"@type":"ReadAction","target":["https:\/\/feinicko.com\/vnd\/products\/gem-row-vest-washed-red"]}]},{"@type":"ImageObject","inLanguage":"vi","@id":"https:\/\/feinicko.com\/vnd\/products\/gem-row-vest-washed-red#primaryimage","url":"https:\/\/feinicko.com\/vnd\/wp-content\/uploads\/2026\/03\/WORKVEST-RED.png","contentUrl":"https:\/\/feinicko.com\/vnd\/wp-content\/uploads\/2026\/03\/WORKVEST-RED.png","width":2000,"height":2000},{"@type":"BreadcrumbList","@id":"https:\/\/feinicko.com\/vnd\/products\/gem-row-vest-washed-red#breadcrumb","itemListElement":[{"@type":"ListItem","position":1,"name":"Home","item":"https:\/\/feinicko.com\/vnd\/"},{"@type":"ListItem","position":2,"name":"Shop","item":"https:\/\/feinicko.com\/vnd\/shop"},{"@type":"ListItem","position":3,"name":"GEM ROW VEST &#8220;WASHED RED&#8221;"}]},{"@type":"WebSite","@id":"https:\/\/feinicko.com\/vnd\/#website","url":"https:\/\/feinicko.com\/vnd\/","name":"FEINICK\u00d6","description":"ASTR\u00d6FEIN - FW24","potentialAction":[{"@type":"SearchAction","target":{"@type":"EntryPoint","urlTemplate":"https:\/\/feinicko.com\/vnd\/?s={search_term_string}"},"query-input":{"@type":"PropertyValueSpecification","valueRequired":true,"valueName":"search_term_string"}}],"inLanguage":"vi"}]}},"_links":{"self":[{"href":"https:\/\/feinicko.com\/vnd\/wp-json\/wp\/v2\/product\/3761","targetHints":{"allow":["GET"]}}],"collection":[{"href":"https:\/\/feinicko.com\/vnd\/wp-json\/wp\/v2\/product"}],"about":[{"href":"https:\/\/feinicko.com\/vnd\/wp-json\/wp\/v2\/types\/product"}],"replies":[{"embeddable":true,"href":"https:\/\/feinicko.com\/vnd\/wp-json\/wp\/v2\/comments?post=3761"}],"wp:featuredmedia":[{"embeddable":true,"href":"https:\/\/feinicko.com\/vnd\/wp-json\/wp\/v2\/media\/3757"}],"wp:attachment":[{"href":"https:\/\/feinicko.com\/vnd\/wp-json\/wp\/v2\/media?parent=3761"}],"wp:term":[{"taxonomy":"product_brand","embeddable":true,"href":"https:\/\/feinicko.com\/vnd\/wp-json\/wp\/v2\/product_brand?post=3761"},{"taxonomy":"product_cat","embeddable":true,"href":"https:\/\/feinicko.com\/vnd\/wp-json\/wp\/v2\/product_cat?post=3761"},{"taxonomy":"product_tag","embeddable":true,"href":"https:\/\/feinicko.com\/vnd\/wp-json\/wp\/v2\/product_tag?post=3761"}],"curies":[{"name":"wp","href":"https:\/\/api.w.org\/{rel}","templated":true}]}}