{"id":3768,"date":"2026-03-06T19:30:14","date_gmt":"2026-03-06T12:30:14","guid":{"rendered":"https:\/\/feinicko.com\/vnd\/?post_type=product&#038;p=3768"},"modified":"2026-03-06T19:02:32","modified_gmt":"2026-03-06T12:02:32","slug":"geme-leather-jacket-red","status":"publish","type":"product","link":"https:\/\/feinicko.com\/vnd\/products\/geme-leather-jacket-red","title":{"rendered":"GEM\u00c9 LEATHER JACKET &#8220;RED&#8221;"},"content":{"rendered":"","protected":false},"excerpt":{"rendered":"<p data-start=\"0\" data-end=\"410\">\u00c1O KHO\u00c1C DA FORM RELAXED \u0110\u01af\u1ee2C CH\u1ebe T\u00c1C T\u1eea 100% DA B\u00d2 TH\u1eacT CAO C\u1ea4P. DA \u0110\u01af\u1ee2C NHU\u1ed8M M\u00c0U \u0110\u1ec2 T\u1ea0O \u0110\u1ed8 S\u00c2U M\u00c0U S\u1eaeC \u1ea4N T\u01af\u1ee2NG V\u00c0 \u0110\u01af\u1ee2C HO\u00c0N THI\u1ec6N V\u1edaI C\u00c1C CHI TI\u1ebeT \u0110\u00c1 NHI\u1ec0U M\u00c0U D\u1eccC THEO KH\u00d3A K\u00c9O V\u00c0 G\u1ea4U \u00c1O. THI\u1ebeT K\u1ebe N\u1ed4I B\u1eacT V\u1edaI LOGO FEINICK\u00d6 SS26 ARCHIVE D\u1eacP N\u1ed4I \u1ede NG\u1ef0C, KH\u00d3A K\u00c9O YKK \u0110\u1eb6C TR\u01afNG V\u1edaI \u0110\u1ea6U K\u00c9O H\u00ccNH CON NG\u1ef0A, C\u00d9NG H\u00ccNH IN K\u1ef8 THU\u1eacT S\u1ed0 \u1ede M\u1eb6T SAU. HO\u00c0N THI\u1ec6N V\u1edaI L\u1edaP L\u00d3T CH\u1ea6N B\u00d4NG NH\u1eb8 MANG L\u1ea0I S\u1ef0 THO\u1ea2I M\u00c1I KHI M\u1eb6C.<\/p>\n<p data-start=\"412\" data-end=\"626\">PRODUCT INFORMATION<br data-start=\"431\" data-end=\"434\" \/>MATERIAL: 100% DA B\u00d2 TH\u1eacT<br data-start=\"459\" data-end=\"462\" \/>LINING: L\u1edaP L\u00d3T CH\u1ea6N B\u00d4NG 100% POLYESTER<br data-start=\"502\" data-end=\"505\" \/>PRINT: IN K\u1ef8 THU\u1eacT S\u1ed0 M\u1eb6T SAU<br data-start=\"534\" data-end=\"537\" \/>DYE: DA NHU\u1ed8M M\u00c0U PIGMENT<br data-start=\"554\" data-end=\"557\" \/>HARDWARE: KH\u00d3A K\u00c9O YKK V\u1edaI \u0110\u1ea6U K\u00c9O H\u00ccNH CON NG\u1ef0A<br data-start=\"605\" data-end=\"608\" \/>FIT: RELAXED FIT<\/p>\n<p data-start=\"628\" data-end=\"940\">PRODUCT DETAILS<br data-start=\"643\" data-end=\"646\" \/>RELAXED FIT<br data-start=\"657\" data-end=\"660\" \/>DA B\u00d2 TH\u1eacT CAO C\u1ea4P<br data-start=\"678\" data-end=\"681\" \/>HO\u00c0N THI\u1ec6N V\u1edaI K\u1ef8 THU\u1eacT NHU\u1ed8M M\u00c0U<br data-start=\"736\" data-end=\"739\" \/>KH\u00d3A K\u00c9O YKK \u0110\u1ea6U K\u00c9O H\u00ccNH CON NG\u1ef0A<br data-start=\"773\" data-end=\"776\" \/>T\u00daI WELT X\u00c9O<br data-start=\"788\" data-end=\"791\" \/>CHI TI\u1ebeT \u0110\u00c1 NHI\u1ec0U M\u00c0U<br data-start=\"812\" data-end=\"815\" \/>LOGO FEINICK\u00d6 SS26 ARCHIVE D\u1eacP N\u1ed4I \u1ede NG\u1ef0C<br data-start=\"856\" data-end=\"859\" \/>H\u00ccNH IN K\u1ef8 THU\u1eacT S\u1ed0 \u1ede M\u1eb6T SAU<br data-start=\"888\" data-end=\"891\" \/>G\u1ea4U \u00c1O V\u00c0 TAY \u00c1O BO G\u00c2N<br data-start=\"914\" data-end=\"917\" \/>L\u1edaP L\u00d3T CH\u1ea6N B\u00d4NG NH\u1eb8<\/p>\n<p data-start=\"942\" data-end=\"1000\">MODEL CAO 180 CM \/ 75 KG (5&#8217;11&#8221; \/ 165 LBS) V\u00c0 M\u1eb6C SIZE M<\/p>\n<p data-start=\"1002\" data-end=\"1089\" data-is-last-node=\"\" data-is-only-node=\"\">THI\u1ebeT K\u1ebe N\u00c0Y S\u1eec D\u1ee4NG SIZE NAM, \u0110\u1ed0I V\u1edaI SIZE N\u1eee VUI L\u00d2NG THAM KH\u1ea2O<br data-start=\"1067\" data-end=\"1070\" \/>B\u1ea2NG SIZE B\u00caN D\u01af\u1edaI:<\/p>\n","protected":false},"featured_media":3770,"comment_status":"closed","ping_status":"closed","template":"","meta":[],"product_brand":[],"product_cat":[153,119,127,122,151],"product_tag":[],"class_list":{"0":"post-3768","1":"product","2":"type-product","3":"status-publish","4":"has-post-thumbnail","6":"product_cat-26ss-gemma","7":"product_cat-all","8":"product_cat-collection","9":"product_cat-outerwears","10":"product_cat-top","12":"first","13":"onbackorder","14":"shipping-taxable","15":"purchasable","16":"product-type-variable"},"yoast_head":"<!-- This site is optimized with the Yoast SEO plugin v26.3 - https:\/\/yoast.com\/wordpress\/plugins\/seo\/ -->\n<title>GEM\u00c9 LEATHER JACKET &quot;RED&quot; - FEINICK\u00d6<\/title>\n<meta name=\"robots\" content=\"index, follow, max-snippet:-1, max-image-preview:large, max-video-preview:-1\" \/>\n<link rel=\"canonical\" href=\"https:\/\/feinicko.com\/vnd\/products\/geme-leather-jacket-red\" \/>\n<meta property=\"og:locale\" content=\"vi_VN\" \/>\n<meta property=\"og:type\" content=\"article\" \/>\n<meta property=\"og:title\" content=\"GEM\u00c9 LEATHER JACKET &quot;RED&quot; - FEINICK\u00d6\" \/>\n<meta property=\"og:description\" content=\"\u00c1O KHO\u00c1C DA FORM RELAXED \u0110\u01af\u1ee2C CH\u1ebe T\u00c1C T\u1eea 100% DA B\u00d2 TH\u1eacT CAO C\u1ea4P. DA \u0110\u01af\u1ee2C NHU\u1ed8M M\u00c0U \u0110\u1ec2 T\u1ea0O \u0110\u1ed8 S\u00c2U M\u00c0U S\u1eaeC \u1ea4N T\u01af\u1ee2NG V\u00c0 \u0110\u01af\u1ee2C HO\u00c0N THI\u1ec6N V\u1edaI C\u00c1C CHI TI\u1ebeT \u0110\u00c1 NHI\u1ec0U M\u00c0U D\u1eccC THEO KH\u00d3A K\u00c9O V\u00c0 G\u1ea4U \u00c1O. THI\u1ebeT K\u1ebe N\u1ed4I B\u1eacT V\u1edaI LOGO FEINICK\u00d6 SS26 ARCHIVE D\u1eacP N\u1ed4I \u1ede NG\u1ef0C, KH\u00d3A K\u00c9O YKK \u0110\u1eb6C TR\u01afNG V\u1edaI \u0110\u1ea6U K\u00c9O H\u00ccNH CON NG\u1ef0A, C\u00d9NG H\u00ccNH IN K\u1ef8 THU\u1eacT S\u1ed0 \u1ede M\u1eb6T SAU. HO\u00c0N THI\u1ec6N V\u1edaI L\u1edaP L\u00d3T CH\u1ea6N B\u00d4NG NH\u1eb8 MANG L\u1ea0I S\u1ef0 THO\u1ea2I M\u00c1I KHI M\u1eb6C. PRODUCT INFORMATIONMATERIAL: 100% DA B\u00d2 TH\u1eacTLINING: L\u1edaP L\u00d3T CH\u1ea6N B\u00d4NG 100% POLYESTERPRINT: IN K\u1ef8 THU\u1eacT S\u1ed0 M\u1eb6T SAUDYE: DA NHU\u1ed8M M\u00c0U PIGMENTHARDWARE: KH\u00d3A K\u00c9O YKK V\u1edaI \u0110\u1ea6U K\u00c9O H\u00ccNH CON NG\u1ef0AFIT: RELAXED FIT PRODUCT DETAILSRELAXED FITDA B\u00d2 TH\u1eacT CAO C\u1ea4PHO\u00c0N THI\u1ec6N V\u1edaI K\u1ef8 THU\u1eacT NHU\u1ed8M M\u00c0UKH\u00d3A K\u00c9O YKK \u0110\u1ea6U K\u00c9O H\u00ccNH CON NG\u1ef0AT\u00daI WELT X\u00c9OCHI TI\u1ebeT \u0110\u00c1 NHI\u1ec0U M\u00c0ULOGO FEINICK\u00d6 SS26 ARCHIVE D\u1eacP N\u1ed4I \u1ede NG\u1ef0CH\u00ccNH IN K\u1ef8 THU\u1eacT S\u1ed0 \u1ede M\u1eb6T SAUG\u1ea4U \u00c1O V\u00c0 TAY \u00c1O BO G\u00c2NL\u1edaP L\u00d3T CH\u1ea6N B\u00d4NG NH\u1eb8 MODEL CAO 180 CM \/ 75 KG (5&#039;11&quot; \/ 165 LBS) V\u00c0 M\u1eb6C SIZE M THI\u1ebeT K\u1ebe N\u00c0Y S\u1eec D\u1ee4NG SIZE NAM, \u0110\u1ed0I V\u1edaI SIZE N\u1eee VUI L\u00d2NG THAM KH\u1ea2OB\u1ea2NG SIZE B\u00caN D\u01af\u1edaI:\" \/>\n<meta property=\"og:url\" content=\"https:\/\/feinicko.com\/vnd\/products\/geme-leather-jacket-red\" \/>\n<meta property=\"og:site_name\" content=\"FEINICK\u00d6\" \/>\n<meta property=\"og:image\" content=\"https:\/\/feinicko.com\/vnd\/wp-content\/uploads\/2026\/03\/LEATHER-JACKET-2.png\" \/>\n\t<meta property=\"og:image:width\" content=\"2000\" \/>\n\t<meta property=\"og:image:height\" content=\"2000\" \/>\n\t<meta property=\"og:image:type\" content=\"image\/png\" \/>\n<meta name=\"twitter:card\" content=\"summary_large_image\" \/>\n<meta name=\"twitter:label1\" content=\"\u01af\u1edbc t\u00ednh th\u1eddi gian \u0111\u1ecdc\" \/>\n\t<meta name=\"twitter:data1\" content=\"1 ph\u00fat\" \/>\n<script type=\"application\/ld+json\" class=\"yoast-schema-graph\">{\"@context\":\"https:\/\/schema.org\",\"@graph\":[{\"@type\":\"WebPage\",\"@id\":\"https:\/\/feinicko.com\/vnd\/products\/geme-leather-jacket-red\",\"url\":\"https:\/\/feinicko.com\/vnd\/products\/geme-leather-jacket-red\",\"name\":\"GEM\u00c9 LEATHER JACKET \\\"RED\\\" - FEINICK\u00d6\",\"isPartOf\":{\"@id\":\"https:\/\/feinicko.com\/vnd\/#website\"},\"primaryImageOfPage\":{\"@id\":\"https:\/\/feinicko.com\/vnd\/products\/geme-leather-jacket-red#primaryimage\"},\"image\":{\"@id\":\"https:\/\/feinicko.com\/vnd\/products\/geme-leather-jacket-red#primaryimage\"},\"thumbnailUrl\":\"https:\/\/feinicko.com\/vnd\/wp-content\/uploads\/2026\/03\/LEATHER-JACKET-2.png\",\"datePublished\":\"2026-03-06T12:30:14+00:00\",\"breadcrumb\":{\"@id\":\"https:\/\/feinicko.com\/vnd\/products\/geme-leather-jacket-red#breadcrumb\"},\"inLanguage\":\"vi\",\"potentialAction\":[{\"@type\":\"ReadAction\",\"target\":[\"https:\/\/feinicko.com\/vnd\/products\/geme-leather-jacket-red\"]}]},{\"@type\":\"ImageObject\",\"inLanguage\":\"vi\",\"@id\":\"https:\/\/feinicko.com\/vnd\/products\/geme-leather-jacket-red#primaryimage\",\"url\":\"https:\/\/feinicko.com\/vnd\/wp-content\/uploads\/2026\/03\/LEATHER-JACKET-2.png\",\"contentUrl\":\"https:\/\/feinicko.com\/vnd\/wp-content\/uploads\/2026\/03\/LEATHER-JACKET-2.png\",\"width\":2000,\"height\":2000},{\"@type\":\"BreadcrumbList\",\"@id\":\"https:\/\/feinicko.com\/vnd\/products\/geme-leather-jacket-red#breadcrumb\",\"itemListElement\":[{\"@type\":\"ListItem\",\"position\":1,\"name\":\"Home\",\"item\":\"https:\/\/feinicko.com\/vnd\/\"},{\"@type\":\"ListItem\",\"position\":2,\"name\":\"Shop\",\"item\":\"https:\/\/feinicko.com\/vnd\/shop\"},{\"@type\":\"ListItem\",\"position\":3,\"name\":\"GEM\u00c9 LEATHER JACKET &#8220;RED&#8221;\"}]},{\"@type\":\"WebSite\",\"@id\":\"https:\/\/feinicko.com\/vnd\/#website\",\"url\":\"https:\/\/feinicko.com\/vnd\/\",\"name\":\"FEINICK\u00d6\",\"description\":\"ASTR\u00d6FEIN - FW24\",\"potentialAction\":[{\"@type\":\"SearchAction\",\"target\":{\"@type\":\"EntryPoint\",\"urlTemplate\":\"https:\/\/feinicko.com\/vnd\/?s={search_term_string}\"},\"query-input\":{\"@type\":\"PropertyValueSpecification\",\"valueRequired\":true,\"valueName\":\"search_term_string\"}}],\"inLanguage\":\"vi\"}]}<\/script>\n<!-- \/ Yoast SEO plugin. -->","yoast_head_json":{"title":"GEM\u00c9 LEATHER JACKET \"RED\" - FEINICK\u00d6","robots":{"index":"index","follow":"follow","max-snippet":"max-snippet:-1","max-image-preview":"max-image-preview:large","max-video-preview":"max-video-preview:-1"},"canonical":"https:\/\/feinicko.com\/vnd\/products\/geme-leather-jacket-red","og_locale":"vi_VN","og_type":"article","og_title":"GEM\u00c9 LEATHER JACKET \"RED\" - FEINICK\u00d6","og_description":"\u00c1O KHO\u00c1C DA FORM RELAXED \u0110\u01af\u1ee2C CH\u1ebe T\u00c1C T\u1eea 100% DA B\u00d2 TH\u1eacT CAO C\u1ea4P. DA \u0110\u01af\u1ee2C NHU\u1ed8M M\u00c0U \u0110\u1ec2 T\u1ea0O \u0110\u1ed8 S\u00c2U M\u00c0U S\u1eaeC \u1ea4N T\u01af\u1ee2NG V\u00c0 \u0110\u01af\u1ee2C HO\u00c0N THI\u1ec6N V\u1edaI C\u00c1C CHI TI\u1ebeT \u0110\u00c1 NHI\u1ec0U M\u00c0U D\u1eccC THEO KH\u00d3A K\u00c9O V\u00c0 G\u1ea4U \u00c1O. THI\u1ebeT K\u1ebe N\u1ed4I B\u1eacT V\u1edaI LOGO FEINICK\u00d6 SS26 ARCHIVE D\u1eacP N\u1ed4I \u1ede NG\u1ef0C, KH\u00d3A K\u00c9O YKK \u0110\u1eb6C TR\u01afNG V\u1edaI \u0110\u1ea6U K\u00c9O H\u00ccNH CON NG\u1ef0A, C\u00d9NG H\u00ccNH IN K\u1ef8 THU\u1eacT S\u1ed0 \u1ede M\u1eb6T SAU. HO\u00c0N THI\u1ec6N V\u1edaI L\u1edaP L\u00d3T CH\u1ea6N B\u00d4NG NH\u1eb8 MANG L\u1ea0I S\u1ef0 THO\u1ea2I M\u00c1I KHI M\u1eb6C. PRODUCT INFORMATIONMATERIAL: 100% DA B\u00d2 TH\u1eacTLINING: L\u1edaP L\u00d3T CH\u1ea6N B\u00d4NG 100% POLYESTERPRINT: IN K\u1ef8 THU\u1eacT S\u1ed0 M\u1eb6T SAUDYE: DA NHU\u1ed8M M\u00c0U PIGMENTHARDWARE: KH\u00d3A K\u00c9O YKK V\u1edaI \u0110\u1ea6U K\u00c9O H\u00ccNH CON NG\u1ef0AFIT: RELAXED FIT PRODUCT DETAILSRELAXED FITDA B\u00d2 TH\u1eacT CAO C\u1ea4PHO\u00c0N THI\u1ec6N V\u1edaI K\u1ef8 THU\u1eacT NHU\u1ed8M M\u00c0UKH\u00d3A K\u00c9O YKK \u0110\u1ea6U K\u00c9O H\u00ccNH CON NG\u1ef0AT\u00daI WELT X\u00c9OCHI TI\u1ebeT \u0110\u00c1 NHI\u1ec0U M\u00c0ULOGO FEINICK\u00d6 SS26 ARCHIVE D\u1eacP N\u1ed4I \u1ede NG\u1ef0CH\u00ccNH IN K\u1ef8 THU\u1eacT S\u1ed0 \u1ede M\u1eb6T SAUG\u1ea4U \u00c1O V\u00c0 TAY \u00c1O BO G\u00c2NL\u1edaP L\u00d3T CH\u1ea6N B\u00d4NG NH\u1eb8 MODEL CAO 180 CM \/ 75 KG (5'11\" \/ 165 LBS) V\u00c0 M\u1eb6C SIZE M THI\u1ebeT K\u1ebe N\u00c0Y S\u1eec D\u1ee4NG SIZE NAM, \u0110\u1ed0I V\u1edaI SIZE N\u1eee VUI L\u00d2NG THAM KH\u1ea2OB\u1ea2NG SIZE B\u00caN D\u01af\u1edaI:","og_url":"https:\/\/feinicko.com\/vnd\/products\/geme-leather-jacket-red","og_site_name":"FEINICK\u00d6","og_image":[{"width":2000,"height":2000,"url":"https:\/\/feinicko.com\/vnd\/wp-content\/uploads\/2026\/03\/LEATHER-JACKET-2.png","type":"image\/png"}],"twitter_card":"summary_large_image","twitter_misc":{"\u01af\u1edbc t\u00ednh th\u1eddi gian \u0111\u1ecdc":"1 ph\u00fat"},"schema":{"@context":"https:\/\/schema.org","@graph":[{"@type":"WebPage","@id":"https:\/\/feinicko.com\/vnd\/products\/geme-leather-jacket-red","url":"https:\/\/feinicko.com\/vnd\/products\/geme-leather-jacket-red","name":"GEM\u00c9 LEATHER JACKET \"RED\" - FEINICK\u00d6","isPartOf":{"@id":"https:\/\/feinicko.com\/vnd\/#website"},"primaryImageOfPage":{"@id":"https:\/\/feinicko.com\/vnd\/products\/geme-leather-jacket-red#primaryimage"},"image":{"@id":"https:\/\/feinicko.com\/vnd\/products\/geme-leather-jacket-red#primaryimage"},"thumbnailUrl":"https:\/\/feinicko.com\/vnd\/wp-content\/uploads\/2026\/03\/LEATHER-JACKET-2.png","datePublished":"2026-03-06T12:30:14+00:00","breadcrumb":{"@id":"https:\/\/feinicko.com\/vnd\/products\/geme-leather-jacket-red#breadcrumb"},"inLanguage":"vi","potentialAction":[{"@type":"ReadAction","target":["https:\/\/feinicko.com\/vnd\/products\/geme-leather-jacket-red"]}]},{"@type":"ImageObject","inLanguage":"vi","@id":"https:\/\/feinicko.com\/vnd\/products\/geme-leather-jacket-red#primaryimage","url":"https:\/\/feinicko.com\/vnd\/wp-content\/uploads\/2026\/03\/LEATHER-JACKET-2.png","contentUrl":"https:\/\/feinicko.com\/vnd\/wp-content\/uploads\/2026\/03\/LEATHER-JACKET-2.png","width":2000,"height":2000},{"@type":"BreadcrumbList","@id":"https:\/\/feinicko.com\/vnd\/products\/geme-leather-jacket-red#breadcrumb","itemListElement":[{"@type":"ListItem","position":1,"name":"Home","item":"https:\/\/feinicko.com\/vnd\/"},{"@type":"ListItem","position":2,"name":"Shop","item":"https:\/\/feinicko.com\/vnd\/shop"},{"@type":"ListItem","position":3,"name":"GEM\u00c9 LEATHER JACKET &#8220;RED&#8221;"}]},{"@type":"WebSite","@id":"https:\/\/feinicko.com\/vnd\/#website","url":"https:\/\/feinicko.com\/vnd\/","name":"FEINICK\u00d6","description":"ASTR\u00d6FEIN - FW24","potentialAction":[{"@type":"SearchAction","target":{"@type":"EntryPoint","urlTemplate":"https:\/\/feinicko.com\/vnd\/?s={search_term_string}"},"query-input":{"@type":"PropertyValueSpecification","valueRequired":true,"valueName":"search_term_string"}}],"inLanguage":"vi"}]}},"_links":{"self":[{"href":"https:\/\/feinicko.com\/vnd\/wp-json\/wp\/v2\/product\/3768","targetHints":{"allow":["GET"]}}],"collection":[{"href":"https:\/\/feinicko.com\/vnd\/wp-json\/wp\/v2\/product"}],"about":[{"href":"https:\/\/feinicko.com\/vnd\/wp-json\/wp\/v2\/types\/product"}],"replies":[{"embeddable":true,"href":"https:\/\/feinicko.com\/vnd\/wp-json\/wp\/v2\/comments?post=3768"}],"wp:featuredmedia":[{"embeddable":true,"href":"https:\/\/feinicko.com\/vnd\/wp-json\/wp\/v2\/media\/3770"}],"wp:attachment":[{"href":"https:\/\/feinicko.com\/vnd\/wp-json\/wp\/v2\/media?parent=3768"}],"wp:term":[{"taxonomy":"product_brand","embeddable":true,"href":"https:\/\/feinicko.com\/vnd\/wp-json\/wp\/v2\/product_brand?post=3768"},{"taxonomy":"product_cat","embeddable":true,"href":"https:\/\/feinicko.com\/vnd\/wp-json\/wp\/v2\/product_cat?post=3768"},{"taxonomy":"product_tag","embeddable":true,"href":"https:\/\/feinicko.com\/vnd\/wp-json\/wp\/v2\/product_tag?post=3768"}],"curies":[{"name":"wp","href":"https:\/\/api.w.org\/{rel}","templated":true}]}}