{"id":3796,"date":"2026-04-05T11:48:38","date_gmt":"2026-04-05T04:48:38","guid":{"rendered":"https:\/\/feinicko.com\/vnd\/?post_type=product&#038;p=3796"},"modified":"2026-04-06T18:29:10","modified_gmt":"2026-04-06T11:29:10","slug":"sugar-mecr-beanie-royal-blue","status":"publish","type":"product","link":"https:\/\/feinicko.com\/vnd\/products\/sugar-mecr-beanie-royal-blue","title":{"rendered":"SUGAR MECR BEANIE &#8220;ROYAL BLUE&#8221;"},"content":{"rendered":"","protected":false},"excerpt":{"rendered":"<p data-start=\"120\" data-end=\"431\">RELAXED FIT BEANIE \u0110\u01af\u1ee2C D\u1ec6T T\u1eea CH\u1ea4T LI\u1ec6U PHA TR\u1ed8N CAO C\u1ea4P 50% WOOL V\u00c0 50% POLYESTER, MANG L\u1ea0I S\u1ef0 \u1ea4M \u00c1P, THO\u1ea2I M\u00c1I V\u00c0 PH\u00d9 H\u1ee2P CHO VI\u1ec6C S\u1eec D\u1ee4NG H\u1eb0NG NG\u00c0Y. S\u1ea2N PH\u1ea8M S\u1ede H\u1eeeU K\u1ebeT C\u1ea4U D\u1ec6T CO GI\u00c3N M\u1ec0M M\u1ea0I, LINH HO\u1ea0T THEO FORM \u0110\u1ea6U, K\u1ebeT H\u1ee2P GRAPHIC CH\u1eee SCRIPT \u0110\u01af\u1ee2C D\u1ec6T TR\u1ef0C TI\u1ebeP V\u00c0O V\u1ea2I T\u1ea0O N\u00caN B\u1ec0 M\u1eb6T LI\u1ec0N M\u1ea0CH, S\u1ea0CH S\u1ebc.<\/p>\n<p data-start=\"433\" data-end=\"642\">TH\u00d4NG TIN S\u1ea2N PH\u1ea8M<br data-start=\"451\" data-end=\"454\" \/>CH\u1ea4T LI\u1ec6U: 50% WOOL \/ 50% POLYESTER<br data-start=\"489\" data-end=\"492\" \/>K\u1ebeT C\u1ea4U: D\u1ec6T CO GI\u00c3N<br data-start=\"512\" data-end=\"515\" \/>K\u00cdCH TH\u01af\u1edaC: 57 CM (CO GI\u00c3N LINH HO\u1ea0T)<br data-start=\"552\" data-end=\"555\" \/>GI\u1edaI T\u00cdNH: UNISEX<br data-start=\"572\" data-end=\"575\" \/>M\u00c0U S\u1eaeC: ROYAL BLUE \/ MILK WHITE \/ DARK RED \/ LIGHT BLUE \/ ORANGE \/ NAVY BLUE<\/p>\n<p data-start=\"644\" data-end=\"959\">CHI TI\u1ebeT S\u1ea2N PH\u1ea8M<br data-start=\"661\" data-end=\"664\" \/>K\u1ebeT C\u1ea4U D\u1ec6T M\u1ec0M M\u1ea0I V\u00c0 LINH HO\u1ea0T<br data-start=\"696\" data-end=\"699\" \/>PHA TR\u1ed8N WOOL CAO C\u1ea4P GI\u00daP GI\u1eee \u1ea4M V\u00c0 THO\u00c1NG KH\u00cd<br data-start=\"746\" data-end=\"749\" \/>POLYESTER GI\u00daP GI\u1eee FORM V\u00c0 T\u0102NG \u0110\u1ed8 B\u1ec0N<br data-start=\"787\" data-end=\"790\" \/>GRAPHIC CH\u1eee \u0110\u01af\u1ee2C D\u1ec6T TR\u1ef0C TI\u1ebeP V\u00c0O V\u1ea2I<br data-start=\"828\" data-end=\"831\" \/>B\u1ec0 M\u1eb6T LI\u1ec0N M\u1ea0CH, KH\u00d4NG IN, KH\u00d4NG TH\u00caU<br data-start=\"869\" data-end=\"872\" data-is-only-node=\"\" \/>FORM D\u00c1NG LINH HO\u1ea0T PH\u00d9 H\u1ee2P NHI\u1ec0U D\u00c1NG \u0110\u1ea6U<br data-start=\"914\" data-end=\"917\" \/>PH\u1ee4 KI\u1ec6N THI\u1ebeT Y\u1ebeU CHO PH\u1ed0I \u0110\u1ed2 H\u1eb0NG NG\u00c0Y<\/p>\n","protected":false},"featured_media":3825,"comment_status":"open","ping_status":"closed","template":"","meta":[],"product_brand":[],"product_cat":[140,120,119,127],"product_tag":[],"class_list":{"0":"post-3796","1":"product","2":"type-product","3":"status-publish","4":"has-post-thumbnail","6":"product_cat-25ss","7":"product_cat-accessories","8":"product_cat-all","9":"product_cat-collection","11":"first","12":"instock","13":"shipping-taxable","14":"purchasable","15":"product-type-variable"},"yoast_head":"<!-- This site is optimized with the Yoast SEO plugin v26.3 - https:\/\/yoast.com\/wordpress\/plugins\/seo\/ -->\n<title>SUGAR MECR BEANIE &quot;ROYAL BLUE&quot; - FEINICK\u00d6<\/title>\n<meta name=\"robots\" content=\"index, follow, max-snippet:-1, max-image-preview:large, max-video-preview:-1\" \/>\n<link rel=\"canonical\" href=\"https:\/\/feinicko.com\/vnd\/products\/sugar-mecr-beanie-royal-blue\" \/>\n<meta property=\"og:locale\" content=\"vi_VN\" \/>\n<meta property=\"og:type\" content=\"article\" \/>\n<meta property=\"og:title\" content=\"SUGAR MECR BEANIE &quot;ROYAL BLUE&quot; - FEINICK\u00d6\" \/>\n<meta property=\"og:description\" content=\"RELAXED FIT BEANIE \u0110\u01af\u1ee2C D\u1ec6T T\u1eea CH\u1ea4T LI\u1ec6U PHA TR\u1ed8N CAO C\u1ea4P 50% WOOL V\u00c0 50% POLYESTER, MANG L\u1ea0I S\u1ef0 \u1ea4M \u00c1P, THO\u1ea2I M\u00c1I V\u00c0 PH\u00d9 H\u1ee2P CHO VI\u1ec6C S\u1eec D\u1ee4NG H\u1eb0NG NG\u00c0Y. S\u1ea2N PH\u1ea8M S\u1ede H\u1eeeU K\u1ebeT C\u1ea4U D\u1ec6T CO GI\u00c3N M\u1ec0M M\u1ea0I, LINH HO\u1ea0T THEO FORM \u0110\u1ea6U, K\u1ebeT H\u1ee2P GRAPHIC CH\u1eee SCRIPT \u0110\u01af\u1ee2C D\u1ec6T TR\u1ef0C TI\u1ebeP V\u00c0O V\u1ea2I T\u1ea0O N\u00caN B\u1ec0 M\u1eb6T LI\u1ec0N M\u1ea0CH, S\u1ea0CH S\u1ebc. TH\u00d4NG TIN S\u1ea2N PH\u1ea8MCH\u1ea4T LI\u1ec6U: 50% WOOL \/ 50% POLYESTERK\u1ebeT C\u1ea4U: D\u1ec6T CO GI\u00c3NK\u00cdCH TH\u01af\u1edaC: 57 CM (CO GI\u00c3N LINH HO\u1ea0T)GI\u1edaI T\u00cdNH: UNISEXM\u00c0U S\u1eaeC: ROYAL BLUE \/ MILK WHITE \/ DARK RED \/ LIGHT BLUE \/ ORANGE \/ NAVY BLUE CHI TI\u1ebeT S\u1ea2N PH\u1ea8MK\u1ebeT C\u1ea4U D\u1ec6T M\u1ec0M M\u1ea0I V\u00c0 LINH HO\u1ea0TPHA TR\u1ed8N WOOL CAO C\u1ea4P GI\u00daP GI\u1eee \u1ea4M V\u00c0 THO\u00c1NG KH\u00cdPOLYESTER GI\u00daP GI\u1eee FORM V\u00c0 T\u0102NG \u0110\u1ed8 B\u1ec0NGRAPHIC CH\u1eee \u0110\u01af\u1ee2C D\u1ec6T TR\u1ef0C TI\u1ebeP V\u00c0O V\u1ea2IB\u1ec0 M\u1eb6T LI\u1ec0N M\u1ea0CH, KH\u00d4NG IN, KH\u00d4NG TH\u00caUFORM D\u00c1NG LINH HO\u1ea0T PH\u00d9 H\u1ee2P NHI\u1ec0U D\u00c1NG \u0110\u1ea6UPH\u1ee4 KI\u1ec6N THI\u1ebeT Y\u1ebeU CHO PH\u1ed0I \u0110\u1ed2 H\u1eb0NG NG\u00c0Y\" \/>\n<meta property=\"og:url\" content=\"https:\/\/feinicko.com\/vnd\/products\/sugar-mecr-beanie-royal-blue\" \/>\n<meta property=\"og:site_name\" content=\"FEINICK\u00d6\" \/>\n<meta property=\"article:modified_time\" content=\"2026-04-06T11:29:10+00:00\" \/>\n<meta property=\"og:image\" content=\"https:\/\/feinicko.com\/vnd\/wp-content\/uploads\/2026\/04\/BEANIE-NEW-1-2.png\" \/>\n\t<meta property=\"og:image:width\" content=\"1500\" \/>\n\t<meta property=\"og:image:height\" content=\"1500\" \/>\n\t<meta property=\"og:image:type\" content=\"image\/png\" \/>\n<meta name=\"twitter:card\" content=\"summary_large_image\" \/>\n<meta name=\"twitter:label1\" content=\"\u01af\u1edbc t\u00ednh th\u1eddi gian \u0111\u1ecdc\" \/>\n\t<meta name=\"twitter:data1\" content=\"1 ph\u00fat\" \/>\n<script type=\"application\/ld+json\" class=\"yoast-schema-graph\">{\"@context\":\"https:\/\/schema.org\",\"@graph\":[{\"@type\":\"WebPage\",\"@id\":\"https:\/\/feinicko.com\/vnd\/products\/sugar-mecr-beanie-royal-blue\",\"url\":\"https:\/\/feinicko.com\/vnd\/products\/sugar-mecr-beanie-royal-blue\",\"name\":\"SUGAR MECR BEANIE \\\"ROYAL BLUE\\\" - FEINICK\u00d6\",\"isPartOf\":{\"@id\":\"https:\/\/feinicko.com\/vnd\/#website\"},\"primaryImageOfPage\":{\"@id\":\"https:\/\/feinicko.com\/vnd\/products\/sugar-mecr-beanie-royal-blue#primaryimage\"},\"image\":{\"@id\":\"https:\/\/feinicko.com\/vnd\/products\/sugar-mecr-beanie-royal-blue#primaryimage\"},\"thumbnailUrl\":\"https:\/\/feinicko.com\/vnd\/wp-content\/uploads\/2026\/04\/BEANIE-NEW-1-2.png\",\"datePublished\":\"2026-04-05T04:48:38+00:00\",\"dateModified\":\"2026-04-06T11:29:10+00:00\",\"breadcrumb\":{\"@id\":\"https:\/\/feinicko.com\/vnd\/products\/sugar-mecr-beanie-royal-blue#breadcrumb\"},\"inLanguage\":\"vi\",\"potentialAction\":[{\"@type\":\"ReadAction\",\"target\":[\"https:\/\/feinicko.com\/vnd\/products\/sugar-mecr-beanie-royal-blue\"]}]},{\"@type\":\"ImageObject\",\"inLanguage\":\"vi\",\"@id\":\"https:\/\/feinicko.com\/vnd\/products\/sugar-mecr-beanie-royal-blue#primaryimage\",\"url\":\"https:\/\/feinicko.com\/vnd\/wp-content\/uploads\/2026\/04\/BEANIE-NEW-1-2.png\",\"contentUrl\":\"https:\/\/feinicko.com\/vnd\/wp-content\/uploads\/2026\/04\/BEANIE-NEW-1-2.png\",\"width\":1500,\"height\":1500},{\"@type\":\"BreadcrumbList\",\"@id\":\"https:\/\/feinicko.com\/vnd\/products\/sugar-mecr-beanie-royal-blue#breadcrumb\",\"itemListElement\":[{\"@type\":\"ListItem\",\"position\":1,\"name\":\"Home\",\"item\":\"https:\/\/feinicko.com\/vnd\/\"},{\"@type\":\"ListItem\",\"position\":2,\"name\":\"Shop\",\"item\":\"https:\/\/feinicko.com\/vnd\/shop\"},{\"@type\":\"ListItem\",\"position\":3,\"name\":\"SUGAR MECR BEANIE &#8220;ROYAL BLUE&#8221;\"}]},{\"@type\":\"WebSite\",\"@id\":\"https:\/\/feinicko.com\/vnd\/#website\",\"url\":\"https:\/\/feinicko.com\/vnd\/\",\"name\":\"FEINICK\u00d6\",\"description\":\"ASTR\u00d6FEIN - FW24\",\"potentialAction\":[{\"@type\":\"SearchAction\",\"target\":{\"@type\":\"EntryPoint\",\"urlTemplate\":\"https:\/\/feinicko.com\/vnd\/?s={search_term_string}\"},\"query-input\":{\"@type\":\"PropertyValueSpecification\",\"valueRequired\":true,\"valueName\":\"search_term_string\"}}],\"inLanguage\":\"vi\"}]}<\/script>\n<!-- \/ Yoast SEO plugin. -->","yoast_head_json":{"title":"SUGAR MECR BEANIE \"ROYAL BLUE\" - FEINICK\u00d6","robots":{"index":"index","follow":"follow","max-snippet":"max-snippet:-1","max-image-preview":"max-image-preview:large","max-video-preview":"max-video-preview:-1"},"canonical":"https:\/\/feinicko.com\/vnd\/products\/sugar-mecr-beanie-royal-blue","og_locale":"vi_VN","og_type":"article","og_title":"SUGAR MECR BEANIE \"ROYAL BLUE\" - FEINICK\u00d6","og_description":"RELAXED FIT BEANIE \u0110\u01af\u1ee2C D\u1ec6T T\u1eea CH\u1ea4T LI\u1ec6U PHA TR\u1ed8N CAO C\u1ea4P 50% WOOL V\u00c0 50% POLYESTER, MANG L\u1ea0I S\u1ef0 \u1ea4M \u00c1P, THO\u1ea2I M\u00c1I V\u00c0 PH\u00d9 H\u1ee2P CHO VI\u1ec6C S\u1eec D\u1ee4NG H\u1eb0NG NG\u00c0Y. S\u1ea2N PH\u1ea8M S\u1ede H\u1eeeU K\u1ebeT C\u1ea4U D\u1ec6T CO GI\u00c3N M\u1ec0M M\u1ea0I, LINH HO\u1ea0T THEO FORM \u0110\u1ea6U, K\u1ebeT H\u1ee2P GRAPHIC CH\u1eee SCRIPT \u0110\u01af\u1ee2C D\u1ec6T TR\u1ef0C TI\u1ebeP V\u00c0O V\u1ea2I T\u1ea0O N\u00caN B\u1ec0 M\u1eb6T LI\u1ec0N M\u1ea0CH, S\u1ea0CH S\u1ebc. TH\u00d4NG TIN S\u1ea2N PH\u1ea8MCH\u1ea4T LI\u1ec6U: 50% WOOL \/ 50% POLYESTERK\u1ebeT C\u1ea4U: D\u1ec6T CO GI\u00c3NK\u00cdCH TH\u01af\u1edaC: 57 CM (CO GI\u00c3N LINH HO\u1ea0T)GI\u1edaI T\u00cdNH: UNISEXM\u00c0U S\u1eaeC: ROYAL BLUE \/ MILK WHITE \/ DARK RED \/ LIGHT BLUE \/ ORANGE \/ NAVY BLUE CHI TI\u1ebeT S\u1ea2N PH\u1ea8MK\u1ebeT C\u1ea4U D\u1ec6T M\u1ec0M M\u1ea0I V\u00c0 LINH HO\u1ea0TPHA TR\u1ed8N WOOL CAO C\u1ea4P GI\u00daP GI\u1eee \u1ea4M V\u00c0 THO\u00c1NG KH\u00cdPOLYESTER GI\u00daP GI\u1eee FORM V\u00c0 T\u0102NG \u0110\u1ed8 B\u1ec0NGRAPHIC CH\u1eee \u0110\u01af\u1ee2C D\u1ec6T TR\u1ef0C TI\u1ebeP V\u00c0O V\u1ea2IB\u1ec0 M\u1eb6T LI\u1ec0N M\u1ea0CH, KH\u00d4NG IN, KH\u00d4NG TH\u00caUFORM D\u00c1NG LINH HO\u1ea0T PH\u00d9 H\u1ee2P NHI\u1ec0U D\u00c1NG \u0110\u1ea6UPH\u1ee4 KI\u1ec6N THI\u1ebeT Y\u1ebeU CHO PH\u1ed0I \u0110\u1ed2 H\u1eb0NG NG\u00c0Y","og_url":"https:\/\/feinicko.com\/vnd\/products\/sugar-mecr-beanie-royal-blue","og_site_name":"FEINICK\u00d6","article_modified_time":"2026-04-06T11:29:10+00:00","og_image":[{"width":1500,"height":1500,"url":"https:\/\/feinicko.com\/vnd\/wp-content\/uploads\/2026\/04\/BEANIE-NEW-1-2.png","type":"image\/png"}],"twitter_card":"summary_large_image","twitter_misc":{"\u01af\u1edbc t\u00ednh th\u1eddi gian \u0111\u1ecdc":"1 ph\u00fat"},"schema":{"@context":"https:\/\/schema.org","@graph":[{"@type":"WebPage","@id":"https:\/\/feinicko.com\/vnd\/products\/sugar-mecr-beanie-royal-blue","url":"https:\/\/feinicko.com\/vnd\/products\/sugar-mecr-beanie-royal-blue","name":"SUGAR MECR BEANIE \"ROYAL BLUE\" - FEINICK\u00d6","isPartOf":{"@id":"https:\/\/feinicko.com\/vnd\/#website"},"primaryImageOfPage":{"@id":"https:\/\/feinicko.com\/vnd\/products\/sugar-mecr-beanie-royal-blue#primaryimage"},"image":{"@id":"https:\/\/feinicko.com\/vnd\/products\/sugar-mecr-beanie-royal-blue#primaryimage"},"thumbnailUrl":"https:\/\/feinicko.com\/vnd\/wp-content\/uploads\/2026\/04\/BEANIE-NEW-1-2.png","datePublished":"2026-04-05T04:48:38+00:00","dateModified":"2026-04-06T11:29:10+00:00","breadcrumb":{"@id":"https:\/\/feinicko.com\/vnd\/products\/sugar-mecr-beanie-royal-blue#breadcrumb"},"inLanguage":"vi","potentialAction":[{"@type":"ReadAction","target":["https:\/\/feinicko.com\/vnd\/products\/sugar-mecr-beanie-royal-blue"]}]},{"@type":"ImageObject","inLanguage":"vi","@id":"https:\/\/feinicko.com\/vnd\/products\/sugar-mecr-beanie-royal-blue#primaryimage","url":"https:\/\/feinicko.com\/vnd\/wp-content\/uploads\/2026\/04\/BEANIE-NEW-1-2.png","contentUrl":"https:\/\/feinicko.com\/vnd\/wp-content\/uploads\/2026\/04\/BEANIE-NEW-1-2.png","width":1500,"height":1500},{"@type":"BreadcrumbList","@id":"https:\/\/feinicko.com\/vnd\/products\/sugar-mecr-beanie-royal-blue#breadcrumb","itemListElement":[{"@type":"ListItem","position":1,"name":"Home","item":"https:\/\/feinicko.com\/vnd\/"},{"@type":"ListItem","position":2,"name":"Shop","item":"https:\/\/feinicko.com\/vnd\/shop"},{"@type":"ListItem","position":3,"name":"SUGAR MECR BEANIE &#8220;ROYAL BLUE&#8221;"}]},{"@type":"WebSite","@id":"https:\/\/feinicko.com\/vnd\/#website","url":"https:\/\/feinicko.com\/vnd\/","name":"FEINICK\u00d6","description":"ASTR\u00d6FEIN - FW24","potentialAction":[{"@type":"SearchAction","target":{"@type":"EntryPoint","urlTemplate":"https:\/\/feinicko.com\/vnd\/?s={search_term_string}"},"query-input":{"@type":"PropertyValueSpecification","valueRequired":true,"valueName":"search_term_string"}}],"inLanguage":"vi"}]}},"_links":{"self":[{"href":"https:\/\/feinicko.com\/vnd\/wp-json\/wp\/v2\/product\/3796","targetHints":{"allow":["GET"]}}],"collection":[{"href":"https:\/\/feinicko.com\/vnd\/wp-json\/wp\/v2\/product"}],"about":[{"href":"https:\/\/feinicko.com\/vnd\/wp-json\/wp\/v2\/types\/product"}],"replies":[{"embeddable":true,"href":"https:\/\/feinicko.com\/vnd\/wp-json\/wp\/v2\/comments?post=3796"}],"wp:featuredmedia":[{"embeddable":true,"href":"https:\/\/feinicko.com\/vnd\/wp-json\/wp\/v2\/media\/3825"}],"wp:attachment":[{"href":"https:\/\/feinicko.com\/vnd\/wp-json\/wp\/v2\/media?parent=3796"}],"wp:term":[{"taxonomy":"product_brand","embeddable":true,"href":"https:\/\/feinicko.com\/vnd\/wp-json\/wp\/v2\/product_brand?post=3796"},{"taxonomy":"product_cat","embeddable":true,"href":"https:\/\/feinicko.com\/vnd\/wp-json\/wp\/v2\/product_cat?post=3796"},{"taxonomy":"product_tag","embeddable":true,"href":"https:\/\/feinicko.com\/vnd\/wp-json\/wp\/v2\/product_tag?post=3796"}],"curies":[{"name":"wp","href":"https:\/\/api.w.org\/{rel}","templated":true}]}}